{"id":100,"date":"2023-04-06T11:18:20","date_gmt":"2023-04-06T09:18:20","guid":{"rendered":"http:\/\/digicode.fr\/?page_id=100"},"modified":"2023-04-18T10:15:36","modified_gmt":"2023-04-18T08:15:36","slug":"cbb","status":"publish","type":"page","link":"https:\/\/digicode.fr\/index.php\/cbb\/","title":{"rendered":"CBB"},"content":{"rendered":"\t\t<div data-elementor-type=\"wp-page\" data-elementor-id=\"100\" class=\"elementor elementor-100\">\n\t\t\t\t\t\t<section class=\"elementor-section elementor-top-section elementor-element elementor-element-236fb545 elementor-section-boxed elementor-section-height-default elementor-section-height-default\" data-id=\"236fb545\" data-element_type=\"section\">\n\t\t\t\t\t\t<div class=\"elementor-container elementor-column-gap-default\">\n\t\t\t\t\t<div class=\"elementor-column elementor-col-100 elementor-top-column elementor-element elementor-element-4dca390a\" data-id=\"4dca390a\" data-element_type=\"column\">\n\t\t\t<div class=\"elementor-widget-wrap elementor-element-populated\">\n\t\t\t\t\t\t<div class=\"elementor-element elementor-element-c70eb0a elementor-widget elementor-widget-image\" data-id=\"c70eb0a\" data-element_type=\"widget\" data-widget_type=\"image.default\">\n\t\t\t\t<div class=\"elementor-widget-container\">\n\t\t\t<style>\/*! elementor - v3.22.0 - 26-06-2024 *\/\n.elementor-widget-image{text-align:center}.elementor-widget-image a{display:inline-block}.elementor-widget-image a img[src$=\".svg\"]{width:48px}.elementor-widget-image img{vertical-align:middle;display:inline-block}<\/style>\t\t\t\t\t\t\t\t\t\t<img fetchpriority=\"high\" decoding=\"async\" width=\"300\" height=\"300\" src=\"https:\/\/digicode.fr\/wp-content\/uploads\/2023\/04\/CBB-450x450-1-300x300.png\" class=\"elementor-animation-grow attachment-medium size-medium wp-image-180\" alt=\"CBB par CDVI\" srcset=\"https:\/\/digicode.fr\/wp-content\/uploads\/2023\/04\/CBB-450x450-1-300x300.png 300w, https:\/\/digicode.fr\/wp-content\/uploads\/2023\/04\/CBB-450x450-1-150x150.png 150w, https:\/\/digicode.fr\/wp-content\/uploads\/2023\/04\/CBB-450x450-1.png 450w\" sizes=\"(max-width: 300px) 100vw, 300px\" \/>\t\t\t\t\t\t\t\t\t\t\t\t\t<\/div>\n\t\t\t\t<\/div>\n\t\t\t\t<div class=\"elementor-element elementor-element-3379d3aa elementor-widget elementor-widget-text-editor\" data-id=\"3379d3aa\" data-element_type=\"widget\" data-widget_type=\"text-editor.default\">\n\t\t\t\t<div class=\"elementor-widget-container\">\n\t\t\t<style>\/*! elementor - v3.22.0 - 26-06-2024 *\/\n.elementor-widget-text-editor.elementor-drop-cap-view-stacked .elementor-drop-cap{background-color:#69727d;color:#fff}.elementor-widget-text-editor.elementor-drop-cap-view-framed .elementor-drop-cap{color:#69727d;border:3px solid;background-color:transparent}.elementor-widget-text-editor:not(.elementor-drop-cap-view-default) .elementor-drop-cap{margin-top:8px}.elementor-widget-text-editor:not(.elementor-drop-cap-view-default) .elementor-drop-cap-letter{width:1em;height:1em}.elementor-widget-text-editor .elementor-drop-cap{float:left;text-align:center;line-height:1;font-size:50px}.elementor-widget-text-editor .elementor-drop-cap-letter{display:inline-block}<\/style>\t\t\t\t<!-- wp:paragraph -->\n<p>Le <strong>CBB<\/strong>\u00a0est un <strong>clavier cod\u00e9 Digicode\u00ae <\/strong>&#8211; braille\u00a0par <strong>CDVI<\/strong>. Il dispose d&#8217;une \u00e9lectronique int\u00e9gr\u00e9e et de 3 relais. <strong>Id\u00e9al pour l&#8217;ext\u00e9rieur<\/strong> gr\u00e2ce \u00e0 son \u00e9tanch\u00e9it\u00e9 totale (<strong>IP54<\/strong>), il est conforme aux recommandations de la loi accessibilit\u00e9.<\/p>\n<!-- \/wp:paragraph -->\t\t\t\t\t\t<\/div>\n\t\t\t\t<\/div>\n\t\t\t\t\t<\/div>\n\t\t<\/div>\n\t\t\t\t\t<\/div>\n\t\t<\/section>\n\t\t\t\t<section class=\"elementor-section elementor-top-section elementor-element elementor-element-2174823 elementor-section-boxed elementor-section-height-default elementor-section-height-default\" data-id=\"2174823\" data-element_type=\"section\">\n\t\t\t\t\t\t<div class=\"elementor-container elementor-column-gap-default\">\n\t\t\t\t\t<div class=\"elementor-column elementor-col-50 elementor-top-column elementor-element elementor-element-deab819\" data-id=\"deab819\" data-element_type=\"column\">\n\t\t\t<div class=\"elementor-widget-wrap elementor-element-populated\">\n\t\t\t\t\t\t<div class=\"elementor-element elementor-element-e2b1b7c elementor-widget elementor-widget-heading\" data-id=\"e2b1b7c\" data-element_type=\"widget\" data-widget_type=\"heading.default\">\n\t\t\t\t<div class=\"elementor-widget-container\">\n\t\t\t<style>\/*! elementor - v3.22.0 - 26-06-2024 *\/\n.elementor-heading-title{padding:0;margin:0;line-height:1}.elementor-widget-heading .elementor-heading-title[class*=elementor-size-]>a{color:inherit;font-size:inherit;line-height:inherit}.elementor-widget-heading .elementor-heading-title.elementor-size-small{font-size:15px}.elementor-widget-heading .elementor-heading-title.elementor-size-medium{font-size:19px}.elementor-widget-heading .elementor-heading-title.elementor-size-large{font-size:29px}.elementor-widget-heading .elementor-heading-title.elementor-size-xl{font-size:39px}.elementor-widget-heading .elementor-heading-title.elementor-size-xxl{font-size:59px}<\/style><h3 class=\"elementor-heading-title elementor-size-default\">Caract\u00e9ristiques techniques<\/h3>\t\t<\/div>\n\t\t\t\t<\/div>\n\t\t\t\t\t<\/div>\n\t\t<\/div>\n\t\t\t\t<div class=\"elementor-column elementor-col-50 elementor-top-column elementor-element elementor-element-b93d295\" data-id=\"b93d295\" data-element_type=\"column\">\n\t\t\t<div class=\"elementor-widget-wrap elementor-element-populated\">\n\t\t\t\t\t\t<div class=\"elementor-element elementor-element-30c52ce elementor-widget elementor-widget-heading\" data-id=\"30c52ce\" data-element_type=\"widget\" data-widget_type=\"heading.default\">\n\t\t\t\t<div class=\"elementor-widget-container\">\n\t\t\t<h3 class=\"elementor-heading-title elementor-size-default\">Applications<\/h3>\t\t<\/div>\n\t\t\t\t<\/div>\n\t\t\t\t\t<\/div>\n\t\t<\/div>\n\t\t\t\t\t<\/div>\n\t\t<\/section>\n\t\t\t\t<section class=\"elementor-section elementor-top-section elementor-element elementor-element-283efcd elementor-section-boxed elementor-section-height-default elementor-section-height-default\" data-id=\"283efcd\" data-element_type=\"section\">\n\t\t\t\t\t\t<div class=\"elementor-container elementor-column-gap-default\">\n\t\t\t\t\t<div class=\"elementor-column elementor-col-50 elementor-top-column elementor-element elementor-element-24eb1e7\" data-id=\"24eb1e7\" data-element_type=\"column\">\n\t\t\t<div class=\"elementor-widget-wrap elementor-element-populated\">\n\t\t\t\t\t\t<div class=\"elementor-element elementor-element-1fc26b0 elementor-widget elementor-widget-text-editor\" data-id=\"1fc26b0\" data-element_type=\"widget\" data-widget_type=\"text-editor.default\">\n\t\t\t\t<div class=\"elementor-widget-container\">\n\t\t\t\t\t\t\t<ul>\n<li>Alimententation 12:24V AC &#8211; 12 \u00e048V DC<\/li>\n<li>Consommation 140mA<\/li>\n<li>Dimensions : 125x100x65\/55mm<\/li>\n<\/ul>\t\t\t\t\t\t<\/div>\n\t\t\t\t<\/div>\n\t\t\t\t\t<\/div>\n\t\t<\/div>\n\t\t\t\t<div class=\"elementor-column elementor-col-50 elementor-top-column elementor-element elementor-element-6e61638\" data-id=\"6e61638\" data-element_type=\"column\">\n\t\t\t<div class=\"elementor-widget-wrap elementor-element-populated\">\n\t\t\t\t\t\t<div class=\"elementor-element elementor-element-74f8aa6 elementor-view-default elementor-widget elementor-widget-icon\" data-id=\"74f8aa6\" data-element_type=\"widget\" data-widget_type=\"icon.default\">\n\t\t\t\t<div class=\"elementor-widget-container\">\n\t\t\t\t\t<div class=\"elementor-icon-wrapper\">\n\t\t\t<a class=\"elementor-icon elementor-animation-grow\" href=\"https:\/\/www.cdvi.fr\/fr\/nos-applications\/institutions-de-sante\/\">\n\t\t\t<i aria-hidden=\"true\" class=\"fas fa-wheelchair\"><\/i>\t\t\t<\/a>\n\t\t<\/div>\n\t\t\t\t<\/div>\n\t\t\t\t<\/div>\n\t\t\t\t<div class=\"elementor-element elementor-element-f68c2bf elementor-view-default elementor-widget elementor-widget-icon\" data-id=\"f68c2bf\" data-element_type=\"widget\" data-widget_type=\"icon.default\">\n\t\t\t\t<div class=\"elementor-widget-container\">\n\t\t\t\t\t<div class=\"elementor-icon-wrapper\">\n\t\t\t<a class=\"elementor-icon elementor-animation-grow\" href=\"https:\/\/www.cdvi.fr\/fr\/nos-applications\/solutions-de-securite-residentielle\/\">\n\t\t\t<i aria-hidden=\"true\" class=\"far fa-building\"><\/i>\t\t\t<\/a>\n\t\t<\/div>\n\t\t\t\t<\/div>\n\t\t\t\t<\/div>\n\t\t\t\t\t<\/div>\n\t\t<\/div>\n\t\t\t\t\t<\/div>\n\t\t<\/section>\n\t\t\t\t<section class=\"elementor-section elementor-top-section elementor-element elementor-element-0f1ee70 elementor-section-boxed elementor-section-height-default elementor-section-height-default\" data-id=\"0f1ee70\" data-element_type=\"section\">\n\t\t\t\t\t\t<div class=\"elementor-container elementor-column-gap-default\">\n\t\t\t\t\t<div class=\"elementor-column elementor-col-100 elementor-top-column elementor-element elementor-element-858b725\" data-id=\"858b725\" data-element_type=\"column\">\n\t\t\t<div class=\"elementor-widget-wrap elementor-element-populated\">\n\t\t\t\t\t\t<div class=\"elementor-element elementor-element-220a2cd elementor-widget elementor-widget-heading\" data-id=\"220a2cd\" data-element_type=\"widget\" data-widget_type=\"heading.default\">\n\t\t\t\t<div class=\"elementor-widget-container\">\n\t\t\t<h3 class=\"elementor-heading-title elementor-size-default\">Produits compl\u00e9mentaires CDVI<\/h3>\t\t<\/div>\n\t\t\t\t<\/div>\n\t\t\t\t\t<\/div>\n\t\t<\/div>\n\t\t\t\t\t<\/div>\n\t\t<\/section>\n\t\t\t\t<section class=\"elementor-section elementor-top-section elementor-element elementor-element-cce9066 elementor-section-boxed elementor-section-height-default elementor-section-height-default\" data-id=\"cce9066\" data-element_type=\"section\">\n\t\t\t\t\t\t<div class=\"elementor-container elementor-column-gap-default\">\n\t\t\t\t\t<div class=\"elementor-column elementor-col-50 elementor-top-column elementor-element elementor-element-05bb88c\" data-id=\"05bb88c\" data-element_type=\"column\">\n\t\t\t<div class=\"elementor-widget-wrap elementor-element-populated\">\n\t\t\t\t\t\t<div class=\"elementor-element elementor-element-863018c elementor-widget elementor-widget-heading\" data-id=\"863018c\" data-element_type=\"widget\" data-widget_type=\"heading.default\">\n\t\t\t\t<div class=\"elementor-widget-container\">\n\t\t\t<h4 class=\"elementor-heading-title elementor-size-default\"><a href=\"http:\/\/digicode.fr\/index.php\/alimentations\/\">Alimentations<\/a><\/h4>\t\t<\/div>\n\t\t\t\t<\/div>\n\t\t\t\t\t<\/div>\n\t\t<\/div>\n\t\t\t\t<div class=\"elementor-column elementor-col-50 elementor-top-column elementor-element elementor-element-ee1e6dc\" data-id=\"ee1e6dc\" data-element_type=\"column\">\n\t\t\t<div class=\"elementor-widget-wrap elementor-element-populated\">\n\t\t\t\t\t\t<div class=\"elementor-element elementor-element-7ce2641 elementor-widget elementor-widget-heading\" data-id=\"7ce2641\" data-element_type=\"widget\" data-widget_type=\"heading.default\">\n\t\t\t\t<div class=\"elementor-widget-container\">\n\t\t\t<h4 class=\"elementor-heading-title elementor-size-default\"><a href=\"http:\/\/digicode.fr\/index.php\/bpnonfe\/\">Bouton poussoir<\/a><\/h4>\t\t<\/div>\n\t\t\t\t<\/div>\n\t\t\t\t\t<\/div>\n\t\t<\/div>\n\t\t\t\t\t<\/div>\n\t\t<\/section>\n\t\t\t\t<section class=\"elementor-section elementor-top-section elementor-element elementor-element-2ec7634 elementor-section-boxed elementor-section-height-default elementor-section-height-default\" data-id=\"2ec7634\" data-element_type=\"section\">\n\t\t\t\t\t\t<div class=\"elementor-container elementor-column-gap-default\">\n\t\t\t\t\t<div class=\"elementor-column elementor-col-50 elementor-top-column elementor-element elementor-element-582cc82\" data-id=\"582cc82\" data-element_type=\"column\">\n\t\t\t<div class=\"elementor-widget-wrap elementor-element-populated\">\n\t\t\t\t\t\t<div class=\"elementor-element elementor-element-970a048 elementor-widget elementor-widget-image\" data-id=\"970a048\" data-element_type=\"widget\" data-widget_type=\"image.default\">\n\t\t\t\t<div class=\"elementor-widget-container\">\n\t\t\t\t\t\t\t\t\t\t\t\t\t\t<a href=\"http:\/\/digicode.fr\/index.php\/alimentations\/\">\n\t\t\t\t\t\t\t<img decoding=\"async\" width=\"150\" height=\"150\" src=\"https:\/\/digicode.fr\/wp-content\/uploads\/2023\/04\/PSMB242_1-150x150.png\" class=\"elementor-animation-grow attachment-thumbnail size-thumbnail wp-image-499\" alt=\"Alimentation pour Digicode PSMB242 par CDVI\" \/>\t\t\t\t\t\t\t\t<\/a>\n\t\t\t\t\t\t\t\t\t\t\t\t\t<\/div>\n\t\t\t\t<\/div>\n\t\t\t\t\t<\/div>\n\t\t<\/div>\n\t\t\t\t<div class=\"elementor-column elementor-col-50 elementor-top-column elementor-element elementor-element-05413d2\" data-id=\"05413d2\" data-element_type=\"column\">\n\t\t\t<div class=\"elementor-widget-wrap elementor-element-populated\">\n\t\t\t\t\t\t<div class=\"elementor-element elementor-element-d79e50e elementor-widget elementor-widget-image\" data-id=\"d79e50e\" data-element_type=\"widget\" data-widget_type=\"image.default\">\n\t\t\t\t<div class=\"elementor-widget-container\">\n\t\t\t\t\t\t\t\t\t\t\t\t\t\t<a href=\"http:\/\/digicode.fr\/index.php\/bpnonfe\/\">\n\t\t\t\t\t\t\t<img decoding=\"async\" width=\"150\" height=\"150\" src=\"https:\/\/digicode.fr\/wp-content\/uploads\/2023\/04\/BPNONFE_1-150x150.png\" class=\"elementor-animation-grow attachment-thumbnail size-thumbnail wp-image-520\" alt=\"Bouton Poussoir Digicode\u00ae BPNONFE par CDVI\" \/>\t\t\t\t\t\t\t\t<\/a>\n\t\t\t\t\t\t\t\t\t\t\t\t\t<\/div>\n\t\t\t\t<\/div>\n\t\t\t\t\t<\/div>\n\t\t<\/div>\n\t\t\t\t\t<\/div>\n\t\t<\/section>\n\t\t\t\t<section class=\"elementor-section elementor-top-section elementor-element elementor-element-9d7e2db elementor-section-boxed elementor-section-height-default elementor-section-height-default\" data-id=\"9d7e2db\" data-element_type=\"section\">\n\t\t\t\t\t\t<div class=\"elementor-container elementor-column-gap-default\">\n\t\t\t\t\t<div class=\"elementor-column elementor-col-100 elementor-top-column elementor-element elementor-element-7585aff\" data-id=\"7585aff\" data-element_type=\"column\">\n\t\t\t<div class=\"elementor-widget-wrap elementor-element-populated\">\n\t\t\t\t\t\t<div class=\"elementor-element elementor-element-c04b1a0 elementor-widget elementor-widget-spacer\" data-id=\"c04b1a0\" data-element_type=\"widget\" data-widget_type=\"spacer.default\">\n\t\t\t\t<div class=\"elementor-widget-container\">\n\t\t\t<style>\/*! elementor - v3.22.0 - 26-06-2024 *\/\n.elementor-column .elementor-spacer-inner{height:var(--spacer-size)}.e-con{--container-widget-width:100%}.e-con-inner>.elementor-widget-spacer,.e-con>.elementor-widget-spacer{width:var(--container-widget-width,var(--spacer-size));--align-self:var(--container-widget-align-self,initial);--flex-shrink:0}.e-con-inner>.elementor-widget-spacer>.elementor-widget-container,.e-con>.elementor-widget-spacer>.elementor-widget-container{height:100%;width:100%}.e-con-inner>.elementor-widget-spacer>.elementor-widget-container>.elementor-spacer,.e-con>.elementor-widget-spacer>.elementor-widget-container>.elementor-spacer{height:100%}.e-con-inner>.elementor-widget-spacer>.elementor-widget-container>.elementor-spacer>.elementor-spacer-inner,.e-con>.elementor-widget-spacer>.elementor-widget-container>.elementor-spacer>.elementor-spacer-inner{height:var(--container-widget-height,var(--spacer-size))}.e-con-inner>.elementor-widget-spacer.elementor-widget-empty,.e-con>.elementor-widget-spacer.elementor-widget-empty{position:relative;min-height:22px;min-width:22px}.e-con-inner>.elementor-widget-spacer.elementor-widget-empty .elementor-widget-empty-icon,.e-con>.elementor-widget-spacer.elementor-widget-empty .elementor-widget-empty-icon{position:absolute;top:0;bottom:0;left:0;right:0;margin:auto;padding:0;width:22px;height:22px}<\/style>\t\t<div class=\"elementor-spacer\">\n\t\t\t<div class=\"elementor-spacer-inner\"><\/div>\n\t\t<\/div>\n\t\t\t\t<\/div>\n\t\t\t\t<\/div>\n\t\t\t\t<div class=\"elementor-element elementor-element-5eb016c elementor-align-center elementor-widget elementor-widget-button\" data-id=\"5eb016c\" data-element_type=\"widget\" data-widget_type=\"button.default\">\n\t\t\t\t<div class=\"elementor-widget-container\">\n\t\t\t\t\t<div class=\"elementor-button-wrapper\">\n\t\t\t<a class=\"elementor-button elementor-button-link elementor-size-lg elementor-animation-grow\" href=\"https:\/\/www.cdvi.fr\/fr\/nos-produits\/cbb\/\">\n\t\t\t\t\t\t<span class=\"elementor-button-content-wrapper\">\n\t\t\t\t\t\t\t\t\t<span class=\"elementor-button-text\">Pour en savoir plus<\/span>\n\t\t\t\t\t<\/span>\n\t\t\t\t\t<\/a>\n\t\t<\/div>\n\t\t\t\t<\/div>\n\t\t\t\t<\/div>\n\t\t\t\t\t<\/div>\n\t\t<\/div>\n\t\t\t\t\t<\/div>\n\t\t<\/section>\n\t\t\t\t<\/div>\n\t\t","protected":false},"excerpt":{"rendered":"<p>Le CBB\u00a0est un clavier cod\u00e9 Digicode\u00ae &#8211; braille\u00a0par CDVI. Il dispose d&#8217;une \u00e9lectronique int\u00e9gr\u00e9e et de 3 relais. Id\u00e9al pour l&#8217;ext\u00e9rieur gr\u00e2ce \u00e0 son \u00e9tanch\u00e9it\u00e9 totale (IP54), il est conforme aux recommandations de la loi accessibilit\u00e9. Caract\u00e9ristiques techniques Applications Alimententation 12:24V AC &#8211; 12 \u00e048V DC Consommation 140mA Dimensions : 125x100x65\/55mm Produits compl\u00e9mentaires CDVI Alimentations [&hellip;]<\/p>\n","protected":false},"author":1,"featured_media":180,"parent":0,"menu_order":0,"comment_status":"closed","ping_status":"closed","template":"","meta":{"footnotes":""},"class_list":["post-100","page","type-page","status-publish","has-post-thumbnail","hentry","post","post-with-thumbnail","post-with-thumbnail-large"],"yoast_head":"<!-- This site is optimized with the Yoast SEO plugin v23.0 - https:\/\/yoast.com\/wordpress\/plugins\/seo\/ -->\n<title>CBB - Digicode<\/title>\n<meta name=\"description\" content=\"Le CBB est un clavier cod\u00e9 Digicode\u00ae \u2013 braille par CDVI. Il dispose d\u2019une \u00e9lectronique int\u00e9gr\u00e9e et de 3 relais. Id\u00e9al pour l\u2019ext\u00e9rieur\" \/>\n<meta name=\"robots\" content=\"index, follow, max-snippet:-1, max-image-preview:large, max-video-preview:-1\" \/>\n<link rel=\"canonical\" href=\"https:\/\/digicode.fr\/index.php\/cbb\/\" \/>\n<meta property=\"og:locale\" content=\"en_US\" \/>\n<meta property=\"og:type\" content=\"article\" \/>\n<meta property=\"og:title\" content=\"CBB - Digicode\" \/>\n<meta property=\"og:description\" content=\"Le CBB est un clavier cod\u00e9 Digicode\u00ae \u2013 braille par CDVI. Il dispose d\u2019une \u00e9lectronique int\u00e9gr\u00e9e et de 3 relais. Id\u00e9al pour l\u2019ext\u00e9rieur\" \/>\n<meta property=\"og:url\" content=\"https:\/\/digicode.fr\/index.php\/cbb\/\" \/>\n<meta property=\"og:site_name\" content=\"Digicode\" \/>\n<meta property=\"article:modified_time\" content=\"2023-04-18T08:15:36+00:00\" \/>\n<meta property=\"og:image\" content=\"https:\/\/digicode.fr\/wp-content\/uploads\/2023\/04\/CBB-450x450-1.png\" \/>\n\t<meta property=\"og:image:width\" content=\"450\" \/>\n\t<meta property=\"og:image:height\" content=\"450\" \/>\n\t<meta property=\"og:image:type\" content=\"image\/png\" \/>\n<meta name=\"twitter:card\" content=\"summary_large_image\" \/>\n<meta name=\"twitter:label1\" content=\"Est. reading time\" \/>\n\t<meta name=\"twitter:data1\" content=\"1 minute\" \/>\n<script type=\"application\/ld+json\" class=\"yoast-schema-graph\">{\"@context\":\"https:\/\/schema.org\",\"@graph\":[{\"@type\":\"WebPage\",\"@id\":\"https:\/\/digicode.fr\/index.php\/cbb\/\",\"url\":\"https:\/\/digicode.fr\/index.php\/cbb\/\",\"name\":\"CBB - Digicode\",\"isPartOf\":{\"@id\":\"https:\/\/digicode.fr\/#website\"},\"primaryImageOfPage\":{\"@id\":\"https:\/\/digicode.fr\/index.php\/cbb\/#primaryimage\"},\"image\":{\"@id\":\"https:\/\/digicode.fr\/index.php\/cbb\/#primaryimage\"},\"thumbnailUrl\":\"https:\/\/digicode.fr\/wp-content\/uploads\/2023\/04\/CBB-450x450-1.png\",\"datePublished\":\"2023-04-06T09:18:20+00:00\",\"dateModified\":\"2023-04-18T08:15:36+00:00\",\"description\":\"Le CBB est un clavier cod\u00e9 Digicode\u00ae \u2013 braille par CDVI. Il dispose d\u2019une \u00e9lectronique int\u00e9gr\u00e9e et de 3 relais. Id\u00e9al pour l\u2019ext\u00e9rieur\",\"breadcrumb\":{\"@id\":\"https:\/\/digicode.fr\/index.php\/cbb\/#breadcrumb\"},\"inLanguage\":\"en-US\",\"potentialAction\":[{\"@type\":\"ReadAction\",\"target\":[\"https:\/\/digicode.fr\/index.php\/cbb\/\"]}]},{\"@type\":\"ImageObject\",\"inLanguage\":\"en-US\",\"@id\":\"https:\/\/digicode.fr\/index.php\/cbb\/#primaryimage\",\"url\":\"https:\/\/digicode.fr\/wp-content\/uploads\/2023\/04\/CBB-450x450-1.png\",\"contentUrl\":\"https:\/\/digicode.fr\/wp-content\/uploads\/2023\/04\/CBB-450x450-1.png\",\"width\":450,\"height\":450,\"caption\":\"Digicode CBB par CDVI\"},{\"@type\":\"BreadcrumbList\",\"@id\":\"https:\/\/digicode.fr\/index.php\/cbb\/#breadcrumb\",\"itemListElement\":[{\"@type\":\"ListItem\",\"position\":1,\"name\":\"Digicode\",\"item\":\"https:\/\/digicode.fr\/\"},{\"@type\":\"ListItem\",\"position\":2,\"name\":\"CBB\"}]},{\"@type\":\"WebSite\",\"@id\":\"https:\/\/digicode.fr\/#website\",\"url\":\"https:\/\/digicode.fr\/\",\"name\":\"Digicode\",\"description\":\"Digicode une marque CDVI\",\"publisher\":{\"@id\":\"https:\/\/digicode.fr\/#organization\"},\"potentialAction\":[{\"@type\":\"SearchAction\",\"target\":{\"@type\":\"EntryPoint\",\"urlTemplate\":\"https:\/\/digicode.fr\/?s={search_term_string}\"},\"query-input\":\"required name=search_term_string\"}],\"inLanguage\":\"en-US\"},{\"@type\":\"Organization\",\"@id\":\"https:\/\/digicode.fr\/#organization\",\"name\":\"Digicode\",\"url\":\"https:\/\/digicode.fr\/\",\"logo\":{\"@type\":\"ImageObject\",\"inLanguage\":\"en-US\",\"@id\":\"https:\/\/digicode.fr\/#\/schema\/logo\/image\/\",\"url\":\"https:\/\/digicode.fr\/wp-content\/uploads\/2023\/04\/CDVIDigicode.fr_.png\",\"contentUrl\":\"https:\/\/digicode.fr\/wp-content\/uploads\/2023\/04\/CDVIDigicode.fr_.png\",\"width\":1200,\"height\":225,\"caption\":\"Digicode\"},\"image\":{\"@id\":\"https:\/\/digicode.fr\/#\/schema\/logo\/image\/\"}}]}<\/script>\n<!-- \/ Yoast SEO plugin. -->","yoast_head_json":{"title":"CBB - Digicode","description":"Le CBB est un clavier cod\u00e9 Digicode\u00ae \u2013 braille par CDVI. Il dispose d\u2019une \u00e9lectronique int\u00e9gr\u00e9e et de 3 relais. Id\u00e9al pour l\u2019ext\u00e9rieur","robots":{"index":"index","follow":"follow","max-snippet":"max-snippet:-1","max-image-preview":"max-image-preview:large","max-video-preview":"max-video-preview:-1"},"canonical":"https:\/\/digicode.fr\/index.php\/cbb\/","og_locale":"en_US","og_type":"article","og_title":"CBB - Digicode","og_description":"Le CBB est un clavier cod\u00e9 Digicode\u00ae \u2013 braille par CDVI. Il dispose d\u2019une \u00e9lectronique int\u00e9gr\u00e9e et de 3 relais. Id\u00e9al pour l\u2019ext\u00e9rieur","og_url":"https:\/\/digicode.fr\/index.php\/cbb\/","og_site_name":"Digicode","article_modified_time":"2023-04-18T08:15:36+00:00","og_image":[{"width":450,"height":450,"url":"https:\/\/digicode.fr\/wp-content\/uploads\/2023\/04\/CBB-450x450-1.png","type":"image\/png"}],"twitter_card":"summary_large_image","twitter_misc":{"Est. reading time":"1 minute"},"schema":{"@context":"https:\/\/schema.org","@graph":[{"@type":"WebPage","@id":"https:\/\/digicode.fr\/index.php\/cbb\/","url":"https:\/\/digicode.fr\/index.php\/cbb\/","name":"CBB - Digicode","isPartOf":{"@id":"https:\/\/digicode.fr\/#website"},"primaryImageOfPage":{"@id":"https:\/\/digicode.fr\/index.php\/cbb\/#primaryimage"},"image":{"@id":"https:\/\/digicode.fr\/index.php\/cbb\/#primaryimage"},"thumbnailUrl":"https:\/\/digicode.fr\/wp-content\/uploads\/2023\/04\/CBB-450x450-1.png","datePublished":"2023-04-06T09:18:20+00:00","dateModified":"2023-04-18T08:15:36+00:00","description":"Le CBB est un clavier cod\u00e9 Digicode\u00ae \u2013 braille par CDVI. Il dispose d\u2019une \u00e9lectronique int\u00e9gr\u00e9e et de 3 relais. Id\u00e9al pour l\u2019ext\u00e9rieur","breadcrumb":{"@id":"https:\/\/digicode.fr\/index.php\/cbb\/#breadcrumb"},"inLanguage":"en-US","potentialAction":[{"@type":"ReadAction","target":["https:\/\/digicode.fr\/index.php\/cbb\/"]}]},{"@type":"ImageObject","inLanguage":"en-US","@id":"https:\/\/digicode.fr\/index.php\/cbb\/#primaryimage","url":"https:\/\/digicode.fr\/wp-content\/uploads\/2023\/04\/CBB-450x450-1.png","contentUrl":"https:\/\/digicode.fr\/wp-content\/uploads\/2023\/04\/CBB-450x450-1.png","width":450,"height":450,"caption":"Digicode CBB par CDVI"},{"@type":"BreadcrumbList","@id":"https:\/\/digicode.fr\/index.php\/cbb\/#breadcrumb","itemListElement":[{"@type":"ListItem","position":1,"name":"Digicode","item":"https:\/\/digicode.fr\/"},{"@type":"ListItem","position":2,"name":"CBB"}]},{"@type":"WebSite","@id":"https:\/\/digicode.fr\/#website","url":"https:\/\/digicode.fr\/","name":"Digicode","description":"Digicode une marque CDVI","publisher":{"@id":"https:\/\/digicode.fr\/#organization"},"potentialAction":[{"@type":"SearchAction","target":{"@type":"EntryPoint","urlTemplate":"https:\/\/digicode.fr\/?s={search_term_string}"},"query-input":"required name=search_term_string"}],"inLanguage":"en-US"},{"@type":"Organization","@id":"https:\/\/digicode.fr\/#organization","name":"Digicode","url":"https:\/\/digicode.fr\/","logo":{"@type":"ImageObject","inLanguage":"en-US","@id":"https:\/\/digicode.fr\/#\/schema\/logo\/image\/","url":"https:\/\/digicode.fr\/wp-content\/uploads\/2023\/04\/CDVIDigicode.fr_.png","contentUrl":"https:\/\/digicode.fr\/wp-content\/uploads\/2023\/04\/CDVIDigicode.fr_.png","width":1200,"height":225,"caption":"Digicode"},"image":{"@id":"https:\/\/digicode.fr\/#\/schema\/logo\/image\/"}}]}},"_links":{"self":[{"href":"https:\/\/digicode.fr\/index.php\/wp-json\/wp\/v2\/pages\/100","targetHints":{"allow":["GET"]}}],"collection":[{"href":"https:\/\/digicode.fr\/index.php\/wp-json\/wp\/v2\/pages"}],"about":[{"href":"https:\/\/digicode.fr\/index.php\/wp-json\/wp\/v2\/types\/page"}],"author":[{"embeddable":true,"href":"https:\/\/digicode.fr\/index.php\/wp-json\/wp\/v2\/users\/1"}],"replies":[{"embeddable":true,"href":"https:\/\/digicode.fr\/index.php\/wp-json\/wp\/v2\/comments?post=100"}],"version-history":[{"count":20,"href":"https:\/\/digicode.fr\/index.php\/wp-json\/wp\/v2\/pages\/100\/revisions"}],"predecessor-version":[{"id":663,"href":"https:\/\/digicode.fr\/index.php\/wp-json\/wp\/v2\/pages\/100\/revisions\/663"}],"wp:featuredmedia":[{"embeddable":true,"href":"https:\/\/digicode.fr\/index.php\/wp-json\/wp\/v2\/media\/180"}],"wp:attachment":[{"href":"https:\/\/digicode.fr\/index.php\/wp-json\/wp\/v2\/media?parent=100"}],"curies":[{"name":"wp","href":"https:\/\/api.w.org\/{rel}","templated":true}]}}