{"id":106,"date":"2023-04-06T11:19:26","date_gmt":"2023-04-06T09:19:26","guid":{"rendered":"http:\/\/digicode.fr\/?page_id=106"},"modified":"2023-04-18T10:25:48","modified_gmt":"2023-04-18T08:25:48","slug":"dga","status":"publish","type":"page","link":"https:\/\/digicode.fr\/index.php\/dga\/","title":{"rendered":"DGA"},"content":{"rendered":"\t\t<div data-elementor-type=\"wp-page\" data-elementor-id=\"106\" class=\"elementor elementor-106\">\n\t\t\t\t\t\t<section class=\"elementor-section elementor-top-section elementor-element elementor-element-27af35d elementor-section-boxed elementor-section-height-default elementor-section-height-default\" data-id=\"27af35d\" data-element_type=\"section\">\n\t\t\t\t\t\t<div class=\"elementor-container elementor-column-gap-default\">\n\t\t\t\t\t<div class=\"elementor-column elementor-col-100 elementor-top-column elementor-element elementor-element-def0359\" data-id=\"def0359\" data-element_type=\"column\">\n\t\t\t<div class=\"elementor-widget-wrap elementor-element-populated\">\n\t\t\t\t\t\t<div class=\"elementor-element elementor-element-a68430e elementor-widget elementor-widget-image\" data-id=\"a68430e\" data-element_type=\"widget\" data-widget_type=\"image.default\">\n\t\t\t\t<div class=\"elementor-widget-container\">\n\t\t\t<style>\/*! elementor - v3.22.0 - 26-06-2024 *\/\n.elementor-widget-image{text-align:center}.elementor-widget-image a{display:inline-block}.elementor-widget-image a img[src$=\".svg\"]{width:48px}.elementor-widget-image img{vertical-align:middle;display:inline-block}<\/style>\t\t\t\t\t\t\t\t\t\t<img fetchpriority=\"high\" decoding=\"async\" width=\"300\" height=\"300\" src=\"https:\/\/digicode.fr\/wp-content\/uploads\/2023\/04\/DGA-450x450-1-300x300.png\" class=\"elementor-animation-grow attachment-medium size-medium wp-image-193\" alt=\"DGA par CDVI\" srcset=\"https:\/\/digicode.fr\/wp-content\/uploads\/2023\/04\/DGA-450x450-1-300x300.png 300w, https:\/\/digicode.fr\/wp-content\/uploads\/2023\/04\/DGA-450x450-1-150x150.png 150w, https:\/\/digicode.fr\/wp-content\/uploads\/2023\/04\/DGA-450x450-1.png 450w\" sizes=\"(max-width: 300px) 100vw, 300px\" \/>\t\t\t\t\t\t\t\t\t\t\t\t\t<\/div>\n\t\t\t\t<\/div>\n\t\t\t\t\t<\/div>\n\t\t<\/div>\n\t\t\t\t\t<\/div>\n\t\t<\/section>\n\t\t\t\t<section class=\"elementor-section elementor-top-section elementor-element elementor-element-a09869b elementor-section-boxed elementor-section-height-default elementor-section-height-default\" data-id=\"a09869b\" data-element_type=\"section\">\n\t\t\t\t\t\t<div class=\"elementor-container elementor-column-gap-default\">\n\t\t\t\t\t<div class=\"elementor-column elementor-col-100 elementor-top-column elementor-element elementor-element-66e7cba\" data-id=\"66e7cba\" data-element_type=\"column\">\n\t\t\t<div class=\"elementor-widget-wrap elementor-element-populated\">\n\t\t\t\t\t\t<div class=\"elementor-element elementor-element-ef1f650 elementor-widget elementor-widget-text-editor\" data-id=\"ef1f650\" data-element_type=\"widget\" data-widget_type=\"text-editor.default\">\n\t\t\t\t<div class=\"elementor-widget-container\">\n\t\t\t<style>\/*! elementor - v3.22.0 - 26-06-2024 *\/\n.elementor-widget-text-editor.elementor-drop-cap-view-stacked .elementor-drop-cap{background-color:#69727d;color:#fff}.elementor-widget-text-editor.elementor-drop-cap-view-framed .elementor-drop-cap{color:#69727d;border:3px solid;background-color:transparent}.elementor-widget-text-editor:not(.elementor-drop-cap-view-default) .elementor-drop-cap{margin-top:8px}.elementor-widget-text-editor:not(.elementor-drop-cap-view-default) .elementor-drop-cap-letter{width:1em;height:1em}.elementor-widget-text-editor .elementor-drop-cap{float:left;text-align:center;line-height:1;font-size:50px}.elementor-widget-text-editor .elementor-drop-cap-letter{display:inline-block}<\/style>\t\t\t\t<p>Le <strong>DGA<\/strong> est un <strong>clavier cod\u00e9 Digicode\u00ae<\/strong> lumineux et sonore par <strong>CDVI<\/strong>. Il dispose d&#8217;une <strong>\u00e9lectronique int\u00e9gr\u00e9e<\/strong> et de 2 relais et est pr\u00e9c\u00e2bl\u00e9 2 m\u00e8tres. Il se pose en <strong>applique<\/strong> et a une \u00e9tanch\u00e9it\u00e9 totale (<strong>IP65<\/strong>).<\/p>\t\t\t\t\t\t<\/div>\n\t\t\t\t<\/div>\n\t\t\t\t\t<\/div>\n\t\t<\/div>\n\t\t\t\t\t<\/div>\n\t\t<\/section>\n\t\t\t\t<section class=\"elementor-section elementor-top-section elementor-element elementor-element-ff8c25b elementor-section-boxed elementor-section-height-default elementor-section-height-default\" data-id=\"ff8c25b\" data-element_type=\"section\">\n\t\t\t\t\t\t<div class=\"elementor-container elementor-column-gap-default\">\n\t\t\t\t\t<div class=\"elementor-column elementor-col-50 elementor-top-column elementor-element elementor-element-af6f46f\" data-id=\"af6f46f\" data-element_type=\"column\">\n\t\t\t<div class=\"elementor-widget-wrap elementor-element-populated\">\n\t\t\t\t\t\t<div class=\"elementor-element elementor-element-dab60aa elementor-widget elementor-widget-heading\" data-id=\"dab60aa\" data-element_type=\"widget\" data-widget_type=\"heading.default\">\n\t\t\t\t<div class=\"elementor-widget-container\">\n\t\t\t<style>\/*! elementor - v3.22.0 - 26-06-2024 *\/\n.elementor-heading-title{padding:0;margin:0;line-height:1}.elementor-widget-heading .elementor-heading-title[class*=elementor-size-]>a{color:inherit;font-size:inherit;line-height:inherit}.elementor-widget-heading .elementor-heading-title.elementor-size-small{font-size:15px}.elementor-widget-heading .elementor-heading-title.elementor-size-medium{font-size:19px}.elementor-widget-heading .elementor-heading-title.elementor-size-large{font-size:29px}.elementor-widget-heading .elementor-heading-title.elementor-size-xl{font-size:39px}.elementor-widget-heading .elementor-heading-title.elementor-size-xxl{font-size:59px}<\/style><h3 class=\"elementor-heading-title elementor-size-default\">Caract\u00e9ristiques techniques<\/h3>\t\t<\/div>\n\t\t\t\t<\/div>\n\t\t\t\t\t<\/div>\n\t\t<\/div>\n\t\t\t\t<div class=\"elementor-column elementor-col-50 elementor-top-column elementor-element elementor-element-7619a92\" data-id=\"7619a92\" data-element_type=\"column\">\n\t\t\t<div class=\"elementor-widget-wrap elementor-element-populated\">\n\t\t\t\t\t\t<div class=\"elementor-element elementor-element-01ed405 elementor-widget elementor-widget-heading\" data-id=\"01ed405\" data-element_type=\"widget\" data-widget_type=\"heading.default\">\n\t\t\t\t<div class=\"elementor-widget-container\">\n\t\t\t<h3 class=\"elementor-heading-title elementor-size-default\">Applications<\/h3>\t\t<\/div>\n\t\t\t\t<\/div>\n\t\t\t\t\t<\/div>\n\t\t<\/div>\n\t\t\t\t\t<\/div>\n\t\t<\/section>\n\t\t\t\t<section class=\"elementor-section elementor-top-section elementor-element elementor-element-9a958a2 elementor-section-boxed elementor-section-height-default elementor-section-height-default\" data-id=\"9a958a2\" data-element_type=\"section\">\n\t\t\t\t\t\t<div class=\"elementor-container elementor-column-gap-default\">\n\t\t\t\t\t<div class=\"elementor-column elementor-col-50 elementor-top-column elementor-element elementor-element-d261949\" data-id=\"d261949\" data-element_type=\"column\">\n\t\t\t<div class=\"elementor-widget-wrap elementor-element-populated\">\n\t\t\t\t\t\t<div class=\"elementor-element elementor-element-3cc8953 elementor-widget elementor-widget-text-editor\" data-id=\"3cc8953\" data-element_type=\"widget\" data-widget_type=\"text-editor.default\">\n\t\t\t\t<div class=\"elementor-widget-container\">\n\t\t\t\t\t\t\t<ul><li>Alimentation : 12\/24V AC &#8211; 12 \u00e0 48V DC<\/li><li>Consommation 25 \u00e0 80mA<\/li><li>Dimensions : 120x98x25mm<\/li><\/ul>\t\t\t\t\t\t<\/div>\n\t\t\t\t<\/div>\n\t\t\t\t\t<\/div>\n\t\t<\/div>\n\t\t\t\t<div class=\"elementor-column elementor-col-50 elementor-top-column elementor-element elementor-element-6927a5f\" data-id=\"6927a5f\" data-element_type=\"column\">\n\t\t\t<div class=\"elementor-widget-wrap elementor-element-populated\">\n\t\t\t\t\t\t<div class=\"elementor-element elementor-element-b510d15 elementor-view-default elementor-widget elementor-widget-icon\" data-id=\"b510d15\" data-element_type=\"widget\" data-widget_type=\"icon.default\">\n\t\t\t\t<div class=\"elementor-widget-container\">\n\t\t\t\t\t<div class=\"elementor-icon-wrapper\">\n\t\t\t<a class=\"elementor-icon elementor-animation-grow\" href=\"https:\/\/www.cdvi.fr\/fr\/nos-applications\/solutions-de-securite-residentielle\/\">\n\t\t\t<i aria-hidden=\"true\" class=\"fas fa-house-user\"><\/i>\t\t\t<\/a>\n\t\t<\/div>\n\t\t\t\t<\/div>\n\t\t\t\t<\/div>\n\t\t\t\t<div class=\"elementor-element elementor-element-9efbdc2 elementor-view-default elementor-widget elementor-widget-icon\" data-id=\"9efbdc2\" data-element_type=\"widget\" data-widget_type=\"icon.default\">\n\t\t\t\t<div class=\"elementor-widget-container\">\n\t\t\t\t\t<div class=\"elementor-icon-wrapper\">\n\t\t\t<a class=\"elementor-icon elementor-animation-grow\" href=\"https:\/\/www.cdvi.fr\/fr\/nos-applications\/controle-dacces-pour-les-logements-de-vacances\/\">\n\t\t\t<i aria-hidden=\"true\" class=\"fas fa-door-closed\"><\/i>\t\t\t<\/a>\n\t\t<\/div>\n\t\t\t\t<\/div>\n\t\t\t\t<\/div>\n\t\t\t\t\t<\/div>\n\t\t<\/div>\n\t\t\t\t\t<\/div>\n\t\t<\/section>\n\t\t\t\t<section class=\"elementor-section elementor-top-section elementor-element elementor-element-12ceb34 elementor-section-boxed elementor-section-height-default elementor-section-height-default\" data-id=\"12ceb34\" data-element_type=\"section\">\n\t\t\t\t\t\t<div class=\"elementor-container elementor-column-gap-default\">\n\t\t\t\t\t<div class=\"elementor-column elementor-col-100 elementor-top-column elementor-element elementor-element-42ae8a7\" data-id=\"42ae8a7\" data-element_type=\"column\">\n\t\t\t<div class=\"elementor-widget-wrap elementor-element-populated\">\n\t\t\t\t\t\t<div class=\"elementor-element elementor-element-4a15054 elementor-widget elementor-widget-heading\" data-id=\"4a15054\" data-element_type=\"widget\" data-widget_type=\"heading.default\">\n\t\t\t\t<div class=\"elementor-widget-container\">\n\t\t\t<h3 class=\"elementor-heading-title elementor-size-default\">Produits compl\u00e9mentaires CDVI<\/h3>\t\t<\/div>\n\t\t\t\t<\/div>\n\t\t\t\t\t<\/div>\n\t\t<\/div>\n\t\t\t\t\t<\/div>\n\t\t<\/section>\n\t\t\t\t<section class=\"elementor-section elementor-top-section elementor-element elementor-element-ec863cd elementor-section-boxed elementor-section-height-default elementor-section-height-default\" data-id=\"ec863cd\" data-element_type=\"section\">\n\t\t\t\t\t\t<div class=\"elementor-container elementor-column-gap-default\">\n\t\t\t\t\t<div class=\"elementor-column elementor-col-50 elementor-top-column elementor-element elementor-element-a15e2b0\" data-id=\"a15e2b0\" data-element_type=\"column\">\n\t\t\t<div class=\"elementor-widget-wrap elementor-element-populated\">\n\t\t\t\t\t\t<div class=\"elementor-element elementor-element-f247b6a elementor-widget elementor-widget-heading\" data-id=\"f247b6a\" data-element_type=\"widget\" data-widget_type=\"heading.default\">\n\t\t\t\t<div class=\"elementor-widget-container\">\n\t\t\t<h4 class=\"elementor-heading-title elementor-size-default\"><a href=\"http:\/\/digicode.fr\/index.php\/alimentations\/\">Alimentations<\/a><\/h4>\t\t<\/div>\n\t\t\t\t<\/div>\n\t\t\t\t\t<\/div>\n\t\t<\/div>\n\t\t\t\t<div class=\"elementor-column elementor-col-50 elementor-top-column elementor-element elementor-element-dd6759a\" data-id=\"dd6759a\" data-element_type=\"column\">\n\t\t\t<div class=\"elementor-widget-wrap elementor-element-populated\">\n\t\t\t\t\t\t<div class=\"elementor-element elementor-element-ab8e502 elementor-widget elementor-widget-heading\" data-id=\"ab8e502\" data-element_type=\"widget\" data-widget_type=\"heading.default\">\n\t\t\t\t<div class=\"elementor-widget-container\">\n\t\t\t<h4 class=\"elementor-heading-title elementor-size-default\"><a href=\"http:\/\/digicode.fr\/index.php\/bpnonfe\/\">Bouton Poussoir<\/a><\/h4>\t\t<\/div>\n\t\t\t\t<\/div>\n\t\t\t\t\t<\/div>\n\t\t<\/div>\n\t\t\t\t\t<\/div>\n\t\t<\/section>\n\t\t\t\t<section class=\"elementor-section elementor-top-section elementor-element elementor-element-2f40a44 elementor-section-boxed elementor-section-height-default elementor-section-height-default\" data-id=\"2f40a44\" data-element_type=\"section\">\n\t\t\t\t\t\t<div class=\"elementor-container elementor-column-gap-default\">\n\t\t\t\t\t<div class=\"elementor-column elementor-col-50 elementor-top-column elementor-element elementor-element-e1a6883\" data-id=\"e1a6883\" data-element_type=\"column\">\n\t\t\t<div class=\"elementor-widget-wrap elementor-element-populated\">\n\t\t\t\t\t\t<div class=\"elementor-element elementor-element-607be9c elementor-widget elementor-widget-image\" data-id=\"607be9c\" data-element_type=\"widget\" data-widget_type=\"image.default\">\n\t\t\t\t<div class=\"elementor-widget-container\">\n\t\t\t\t\t\t\t\t\t\t\t\t\t\t<a href=\"http:\/\/digicode.fr\/index.php\/alimentations\/\">\n\t\t\t\t\t\t\t<img decoding=\"async\" width=\"150\" height=\"150\" src=\"https:\/\/digicode.fr\/wp-content\/uploads\/2023\/04\/PSMB125_1-150x150.png\" class=\"elementor-animation-grow attachment-thumbnail size-thumbnail wp-image-493\" alt=\"alimentation pour digicode PSMB125 par CDVI\" \/>\t\t\t\t\t\t\t\t<\/a>\n\t\t\t\t\t\t\t\t\t\t\t\t\t<\/div>\n\t\t\t\t<\/div>\n\t\t\t\t\t<\/div>\n\t\t<\/div>\n\t\t\t\t<div class=\"elementor-column elementor-col-50 elementor-top-column elementor-element elementor-element-97bbfd4\" data-id=\"97bbfd4\" data-element_type=\"column\">\n\t\t\t<div class=\"elementor-widget-wrap elementor-element-populated\">\n\t\t\t\t\t\t<div class=\"elementor-element elementor-element-348b704 elementor-widget elementor-widget-image\" data-id=\"348b704\" data-element_type=\"widget\" data-widget_type=\"image.default\">\n\t\t\t\t<div class=\"elementor-widget-container\">\n\t\t\t\t\t\t\t\t\t\t\t\t\t\t<a href=\"http:\/\/digicode.fr\/index.php\/bpnonfe\/\">\n\t\t\t\t\t\t\t<img decoding=\"async\" width=\"150\" height=\"150\" src=\"https:\/\/digicode.fr\/wp-content\/uploads\/2023\/04\/BPNONFE_1-150x150.png\" class=\"elementor-animation-grow attachment-thumbnail size-thumbnail wp-image-520\" alt=\"Bouton Poussoir Digicode\u00ae BPNONFE par CDVI\" \/>\t\t\t\t\t\t\t\t<\/a>\n\t\t\t\t\t\t\t\t\t\t\t\t\t<\/div>\n\t\t\t\t<\/div>\n\t\t\t\t\t<\/div>\n\t\t<\/div>\n\t\t\t\t\t<\/div>\n\t\t<\/section>\n\t\t\t\t<section class=\"elementor-section elementor-top-section elementor-element elementor-element-547681e elementor-section-boxed elementor-section-height-default elementor-section-height-default\" data-id=\"547681e\" data-element_type=\"section\">\n\t\t\t\t\t\t<div class=\"elementor-container elementor-column-gap-default\">\n\t\t\t\t\t<div class=\"elementor-column elementor-col-100 elementor-top-column elementor-element elementor-element-276c619\" data-id=\"276c619\" data-element_type=\"column\">\n\t\t\t<div class=\"elementor-widget-wrap elementor-element-populated\">\n\t\t\t\t\t\t<div class=\"elementor-element elementor-element-1f47067 elementor-widget elementor-widget-spacer\" data-id=\"1f47067\" data-element_type=\"widget\" data-widget_type=\"spacer.default\">\n\t\t\t\t<div class=\"elementor-widget-container\">\n\t\t\t<style>\/*! elementor - v3.22.0 - 26-06-2024 *\/\n.elementor-column .elementor-spacer-inner{height:var(--spacer-size)}.e-con{--container-widget-width:100%}.e-con-inner>.elementor-widget-spacer,.e-con>.elementor-widget-spacer{width:var(--container-widget-width,var(--spacer-size));--align-self:var(--container-widget-align-self,initial);--flex-shrink:0}.e-con-inner>.elementor-widget-spacer>.elementor-widget-container,.e-con>.elementor-widget-spacer>.elementor-widget-container{height:100%;width:100%}.e-con-inner>.elementor-widget-spacer>.elementor-widget-container>.elementor-spacer,.e-con>.elementor-widget-spacer>.elementor-widget-container>.elementor-spacer{height:100%}.e-con-inner>.elementor-widget-spacer>.elementor-widget-container>.elementor-spacer>.elementor-spacer-inner,.e-con>.elementor-widget-spacer>.elementor-widget-container>.elementor-spacer>.elementor-spacer-inner{height:var(--container-widget-height,var(--spacer-size))}.e-con-inner>.elementor-widget-spacer.elementor-widget-empty,.e-con>.elementor-widget-spacer.elementor-widget-empty{position:relative;min-height:22px;min-width:22px}.e-con-inner>.elementor-widget-spacer.elementor-widget-empty .elementor-widget-empty-icon,.e-con>.elementor-widget-spacer.elementor-widget-empty .elementor-widget-empty-icon{position:absolute;top:0;bottom:0;left:0;right:0;margin:auto;padding:0;width:22px;height:22px}<\/style>\t\t<div class=\"elementor-spacer\">\n\t\t\t<div class=\"elementor-spacer-inner\"><\/div>\n\t\t<\/div>\n\t\t\t\t<\/div>\n\t\t\t\t<\/div>\n\t\t\t\t<div class=\"elementor-element elementor-element-905e442 elementor-align-center elementor-widget elementor-widget-button\" data-id=\"905e442\" data-element_type=\"widget\" data-widget_type=\"button.default\">\n\t\t\t\t<div class=\"elementor-widget-container\">\n\t\t\t\t\t<div class=\"elementor-button-wrapper\">\n\t\t\t<a class=\"elementor-button elementor-button-link elementor-size-lg elementor-animation-grow\" href=\"https:\/\/www.cdvi.fr\/fr\/nos-produits\/dga\/\">\n\t\t\t\t\t\t<span class=\"elementor-button-content-wrapper\">\n\t\t\t\t\t\t\t\t\t<span class=\"elementor-button-text\">Pour en savoir plus<\/span>\n\t\t\t\t\t<\/span>\n\t\t\t\t\t<\/a>\n\t\t<\/div>\n\t\t\t\t<\/div>\n\t\t\t\t<\/div>\n\t\t\t\t\t<\/div>\n\t\t<\/div>\n\t\t\t\t\t<\/div>\n\t\t<\/section>\n\t\t\t\t<\/div>\n\t\t","protected":false},"excerpt":{"rendered":"<p>Le DGA est un clavier cod\u00e9 Digicode\u00ae lumineux et sonore par CDVI. Il dispose d&#8217;une \u00e9lectronique int\u00e9gr\u00e9e et de 2 relais et est pr\u00e9c\u00e2bl\u00e9 2 m\u00e8tres. Il se pose en applique et a une \u00e9tanch\u00e9it\u00e9 totale (IP65). Caract\u00e9ristiques techniques Applications Alimentation : 12\/24V AC &#8211; 12 \u00e0 48V DC Consommation 25 \u00e0 80mA Dimensions : [&hellip;]<\/p>\n","protected":false},"author":1,"featured_media":193,"parent":0,"menu_order":0,"comment_status":"closed","ping_status":"closed","template":"","meta":{"footnotes":""},"class_list":["post-106","page","type-page","status-publish","has-post-thumbnail","hentry","post","post-with-thumbnail","post-with-thumbnail-large"],"yoast_head":"<!-- This site is optimized with the Yoast SEO plugin v23.0 - https:\/\/yoast.com\/wordpress\/plugins\/seo\/ -->\n<title>DGA - Digicode<\/title>\n<meta name=\"description\" content=\"Le DGA est un clavier cod\u00e9 Digicode\u00ae lumineux et sonore par CDVI. Il dispose d\u2019une \u00e9lectronique int\u00e9gr\u00e9e et de 2 relais et est pr\u00e9c\u00e2bl\u00e9 2 m\" \/>\n<meta name=\"robots\" content=\"index, follow, max-snippet:-1, max-image-preview:large, max-video-preview:-1\" \/>\n<link rel=\"canonical\" href=\"https:\/\/digicode.fr\/index.php\/dga\/\" \/>\n<meta property=\"og:locale\" content=\"en_US\" \/>\n<meta property=\"og:type\" content=\"article\" \/>\n<meta property=\"og:title\" content=\"DGA - Digicode\" \/>\n<meta property=\"og:description\" content=\"Le DGA est un clavier cod\u00e9 Digicode\u00ae lumineux et sonore par CDVI. Il dispose d\u2019une \u00e9lectronique int\u00e9gr\u00e9e et de 2 relais et est pr\u00e9c\u00e2bl\u00e9 2 m\" \/>\n<meta property=\"og:url\" content=\"https:\/\/digicode.fr\/index.php\/dga\/\" \/>\n<meta property=\"og:site_name\" content=\"Digicode\" \/>\n<meta property=\"article:modified_time\" content=\"2023-04-18T08:25:48+00:00\" \/>\n<meta property=\"og:image\" content=\"https:\/\/digicode.fr\/wp-content\/uploads\/2023\/04\/DGA-450x450-1.png\" \/>\n\t<meta property=\"og:image:width\" content=\"450\" \/>\n\t<meta property=\"og:image:height\" content=\"450\" \/>\n\t<meta property=\"og:image:type\" content=\"image\/png\" \/>\n<meta name=\"twitter:card\" content=\"summary_large_image\" \/>\n<meta name=\"twitter:label1\" content=\"Est. reading time\" \/>\n\t<meta name=\"twitter:data1\" content=\"1 minute\" \/>\n<script type=\"application\/ld+json\" class=\"yoast-schema-graph\">{\"@context\":\"https:\/\/schema.org\",\"@graph\":[{\"@type\":\"WebPage\",\"@id\":\"https:\/\/digicode.fr\/index.php\/dga\/\",\"url\":\"https:\/\/digicode.fr\/index.php\/dga\/\",\"name\":\"DGA - Digicode\",\"isPartOf\":{\"@id\":\"https:\/\/digicode.fr\/#website\"},\"primaryImageOfPage\":{\"@id\":\"https:\/\/digicode.fr\/index.php\/dga\/#primaryimage\"},\"image\":{\"@id\":\"https:\/\/digicode.fr\/index.php\/dga\/#primaryimage\"},\"thumbnailUrl\":\"https:\/\/digicode.fr\/wp-content\/uploads\/2023\/04\/DGA-450x450-1.png\",\"datePublished\":\"2023-04-06T09:19:26+00:00\",\"dateModified\":\"2023-04-18T08:25:48+00:00\",\"description\":\"Le DGA est un clavier cod\u00e9 Digicode\u00ae lumineux et sonore par CDVI. Il dispose d\u2019une \u00e9lectronique int\u00e9gr\u00e9e et de 2 relais et est pr\u00e9c\u00e2bl\u00e9 2 m\",\"breadcrumb\":{\"@id\":\"https:\/\/digicode.fr\/index.php\/dga\/#breadcrumb\"},\"inLanguage\":\"en-US\",\"potentialAction\":[{\"@type\":\"ReadAction\",\"target\":[\"https:\/\/digicode.fr\/index.php\/dga\/\"]}]},{\"@type\":\"ImageObject\",\"inLanguage\":\"en-US\",\"@id\":\"https:\/\/digicode.fr\/index.php\/dga\/#primaryimage\",\"url\":\"https:\/\/digicode.fr\/wp-content\/uploads\/2023\/04\/DGA-450x450-1.png\",\"contentUrl\":\"https:\/\/digicode.fr\/wp-content\/uploads\/2023\/04\/DGA-450x450-1.png\",\"width\":450,\"height\":450,\"caption\":\"Digicode \u00ae DGA par CDVI\"},{\"@type\":\"BreadcrumbList\",\"@id\":\"https:\/\/digicode.fr\/index.php\/dga\/#breadcrumb\",\"itemListElement\":[{\"@type\":\"ListItem\",\"position\":1,\"name\":\"Digicode\",\"item\":\"https:\/\/digicode.fr\/\"},{\"@type\":\"ListItem\",\"position\":2,\"name\":\"DGA\"}]},{\"@type\":\"WebSite\",\"@id\":\"https:\/\/digicode.fr\/#website\",\"url\":\"https:\/\/digicode.fr\/\",\"name\":\"Digicode\",\"description\":\"Digicode une marque CDVI\",\"publisher\":{\"@id\":\"https:\/\/digicode.fr\/#organization\"},\"potentialAction\":[{\"@type\":\"SearchAction\",\"target\":{\"@type\":\"EntryPoint\",\"urlTemplate\":\"https:\/\/digicode.fr\/?s={search_term_string}\"},\"query-input\":\"required name=search_term_string\"}],\"inLanguage\":\"en-US\"},{\"@type\":\"Organization\",\"@id\":\"https:\/\/digicode.fr\/#organization\",\"name\":\"Digicode\",\"url\":\"https:\/\/digicode.fr\/\",\"logo\":{\"@type\":\"ImageObject\",\"inLanguage\":\"en-US\",\"@id\":\"https:\/\/digicode.fr\/#\/schema\/logo\/image\/\",\"url\":\"https:\/\/digicode.fr\/wp-content\/uploads\/2023\/04\/CDVIDigicode.fr_.png\",\"contentUrl\":\"https:\/\/digicode.fr\/wp-content\/uploads\/2023\/04\/CDVIDigicode.fr_.png\",\"width\":1200,\"height\":225,\"caption\":\"Digicode\"},\"image\":{\"@id\":\"https:\/\/digicode.fr\/#\/schema\/logo\/image\/\"}}]}<\/script>\n<!-- \/ Yoast SEO plugin. -->","yoast_head_json":{"title":"DGA - Digicode","description":"Le DGA est un clavier cod\u00e9 Digicode\u00ae lumineux et sonore par CDVI. Il dispose d\u2019une \u00e9lectronique int\u00e9gr\u00e9e et de 2 relais et est pr\u00e9c\u00e2bl\u00e9 2 m","robots":{"index":"index","follow":"follow","max-snippet":"max-snippet:-1","max-image-preview":"max-image-preview:large","max-video-preview":"max-video-preview:-1"},"canonical":"https:\/\/digicode.fr\/index.php\/dga\/","og_locale":"en_US","og_type":"article","og_title":"DGA - Digicode","og_description":"Le DGA est un clavier cod\u00e9 Digicode\u00ae lumineux et sonore par CDVI. Il dispose d\u2019une \u00e9lectronique int\u00e9gr\u00e9e et de 2 relais et est pr\u00e9c\u00e2bl\u00e9 2 m","og_url":"https:\/\/digicode.fr\/index.php\/dga\/","og_site_name":"Digicode","article_modified_time":"2023-04-18T08:25:48+00:00","og_image":[{"width":450,"height":450,"url":"https:\/\/digicode.fr\/wp-content\/uploads\/2023\/04\/DGA-450x450-1.png","type":"image\/png"}],"twitter_card":"summary_large_image","twitter_misc":{"Est. reading time":"1 minute"},"schema":{"@context":"https:\/\/schema.org","@graph":[{"@type":"WebPage","@id":"https:\/\/digicode.fr\/index.php\/dga\/","url":"https:\/\/digicode.fr\/index.php\/dga\/","name":"DGA - Digicode","isPartOf":{"@id":"https:\/\/digicode.fr\/#website"},"primaryImageOfPage":{"@id":"https:\/\/digicode.fr\/index.php\/dga\/#primaryimage"},"image":{"@id":"https:\/\/digicode.fr\/index.php\/dga\/#primaryimage"},"thumbnailUrl":"https:\/\/digicode.fr\/wp-content\/uploads\/2023\/04\/DGA-450x450-1.png","datePublished":"2023-04-06T09:19:26+00:00","dateModified":"2023-04-18T08:25:48+00:00","description":"Le DGA est un clavier cod\u00e9 Digicode\u00ae lumineux et sonore par CDVI. Il dispose d\u2019une \u00e9lectronique int\u00e9gr\u00e9e et de 2 relais et est pr\u00e9c\u00e2bl\u00e9 2 m","breadcrumb":{"@id":"https:\/\/digicode.fr\/index.php\/dga\/#breadcrumb"},"inLanguage":"en-US","potentialAction":[{"@type":"ReadAction","target":["https:\/\/digicode.fr\/index.php\/dga\/"]}]},{"@type":"ImageObject","inLanguage":"en-US","@id":"https:\/\/digicode.fr\/index.php\/dga\/#primaryimage","url":"https:\/\/digicode.fr\/wp-content\/uploads\/2023\/04\/DGA-450x450-1.png","contentUrl":"https:\/\/digicode.fr\/wp-content\/uploads\/2023\/04\/DGA-450x450-1.png","width":450,"height":450,"caption":"Digicode \u00ae DGA par CDVI"},{"@type":"BreadcrumbList","@id":"https:\/\/digicode.fr\/index.php\/dga\/#breadcrumb","itemListElement":[{"@type":"ListItem","position":1,"name":"Digicode","item":"https:\/\/digicode.fr\/"},{"@type":"ListItem","position":2,"name":"DGA"}]},{"@type":"WebSite","@id":"https:\/\/digicode.fr\/#website","url":"https:\/\/digicode.fr\/","name":"Digicode","description":"Digicode une marque CDVI","publisher":{"@id":"https:\/\/digicode.fr\/#organization"},"potentialAction":[{"@type":"SearchAction","target":{"@type":"EntryPoint","urlTemplate":"https:\/\/digicode.fr\/?s={search_term_string}"},"query-input":"required name=search_term_string"}],"inLanguage":"en-US"},{"@type":"Organization","@id":"https:\/\/digicode.fr\/#organization","name":"Digicode","url":"https:\/\/digicode.fr\/","logo":{"@type":"ImageObject","inLanguage":"en-US","@id":"https:\/\/digicode.fr\/#\/schema\/logo\/image\/","url":"https:\/\/digicode.fr\/wp-content\/uploads\/2023\/04\/CDVIDigicode.fr_.png","contentUrl":"https:\/\/digicode.fr\/wp-content\/uploads\/2023\/04\/CDVIDigicode.fr_.png","width":1200,"height":225,"caption":"Digicode"},"image":{"@id":"https:\/\/digicode.fr\/#\/schema\/logo\/image\/"}}]}},"_links":{"self":[{"href":"https:\/\/digicode.fr\/index.php\/wp-json\/wp\/v2\/pages\/106","targetHints":{"allow":["GET"]}}],"collection":[{"href":"https:\/\/digicode.fr\/index.php\/wp-json\/wp\/v2\/pages"}],"about":[{"href":"https:\/\/digicode.fr\/index.php\/wp-json\/wp\/v2\/types\/page"}],"author":[{"embeddable":true,"href":"https:\/\/digicode.fr\/index.php\/wp-json\/wp\/v2\/users\/1"}],"replies":[{"embeddable":true,"href":"https:\/\/digicode.fr\/index.php\/wp-json\/wp\/v2\/comments?post=106"}],"version-history":[{"count":14,"href":"https:\/\/digicode.fr\/index.php\/wp-json\/wp\/v2\/pages\/106\/revisions"}],"predecessor-version":[{"id":670,"href":"https:\/\/digicode.fr\/index.php\/wp-json\/wp\/v2\/pages\/106\/revisions\/670"}],"wp:featuredmedia":[{"embeddable":true,"href":"https:\/\/digicode.fr\/index.php\/wp-json\/wp\/v2\/media\/193"}],"wp:attachment":[{"href":"https:\/\/digicode.fr\/index.php\/wp-json\/wp\/v2\/media?parent=106"}],"curies":[{"name":"wp","href":"https:\/\/api.w.org\/{rel}","templated":true}]}}