{"id":145,"date":"2023-04-06T13:35:16","date_gmt":"2023-04-06T11:35:16","guid":{"rendered":"http:\/\/digicode.fr\/?page_id=145"},"modified":"2023-04-17T11:39:05","modified_gmt":"2023-04-17T09:39:05","slug":"adc335","status":"publish","type":"page","link":"https:\/\/digicode.fr\/index.php\/adc335\/","title":{"rendered":"ADC335"},"content":{"rendered":"\t\t<div data-elementor-type=\"wp-page\" data-elementor-id=\"145\" class=\"elementor elementor-145\">\n\t\t\t\t\t\t<section class=\"elementor-section elementor-top-section elementor-element elementor-element-4999308 elementor-section-boxed elementor-section-height-default elementor-section-height-default\" data-id=\"4999308\" data-element_type=\"section\">\n\t\t\t\t\t\t<div class=\"elementor-container elementor-column-gap-default\">\n\t\t\t\t\t<div class=\"elementor-column elementor-col-100 elementor-top-column elementor-element elementor-element-b7b50ca\" data-id=\"b7b50ca\" data-element_type=\"column\">\n\t\t\t<div class=\"elementor-widget-wrap elementor-element-populated\">\n\t\t\t\t\t\t<div class=\"elementor-element elementor-element-dda74e5 elementor-widget elementor-widget-image\" data-id=\"dda74e5\" data-element_type=\"widget\" data-widget_type=\"image.default\">\n\t\t\t\t<div class=\"elementor-widget-container\">\n\t\t\t<style>\/*! elementor - v3.22.0 - 26-06-2024 *\/\n.elementor-widget-image{text-align:center}.elementor-widget-image a{display:inline-block}.elementor-widget-image a img[src$=\".svg\"]{width:48px}.elementor-widget-image img{vertical-align:middle;display:inline-block}<\/style>\t\t\t\t\t\t\t\t\t\t<img fetchpriority=\"high\" decoding=\"async\" width=\"300\" height=\"200\" src=\"https:\/\/digicode.fr\/wp-content\/uploads\/2023\/04\/ADC335_1-300x200.png\" class=\"elementor-animation-grow attachment-medium size-medium wp-image-460\" alt=\"Alimentation ADC335 par CDVI\" srcset=\"https:\/\/digicode.fr\/wp-content\/uploads\/2023\/04\/ADC335_1-300x200.png 300w, https:\/\/digicode.fr\/wp-content\/uploads\/2023\/04\/ADC335_1-1024x683.png 1024w, https:\/\/digicode.fr\/wp-content\/uploads\/2023\/04\/ADC335_1-768x512.png 768w, https:\/\/digicode.fr\/wp-content\/uploads\/2023\/04\/ADC335_1-1536x1024.png 1536w, https:\/\/digicode.fr\/wp-content\/uploads\/2023\/04\/ADC335_1-2048x1365.png 2048w, https:\/\/digicode.fr\/wp-content\/uploads\/2023\/04\/ADC335_1-272x182.png 272w\" sizes=\"(max-width: 300px) 100vw, 300px\" \/>\t\t\t\t\t\t\t\t\t\t\t\t\t<\/div>\n\t\t\t\t<\/div>\n\t\t\t\t\t<\/div>\n\t\t<\/div>\n\t\t\t\t\t<\/div>\n\t\t<\/section>\n\t\t\t\t<section class=\"elementor-section elementor-top-section elementor-element elementor-element-cd6988f elementor-section-boxed elementor-section-height-default elementor-section-height-default\" data-id=\"cd6988f\" data-element_type=\"section\">\n\t\t\t\t\t\t<div class=\"elementor-container elementor-column-gap-default\">\n\t\t\t\t\t<div class=\"elementor-column elementor-col-100 elementor-top-column elementor-element elementor-element-6ccb7c0\" data-id=\"6ccb7c0\" data-element_type=\"column\">\n\t\t\t<div class=\"elementor-widget-wrap elementor-element-populated\">\n\t\t\t\t\t\t<div class=\"elementor-element elementor-element-5230bf0 elementor-widget elementor-widget-text-editor\" data-id=\"5230bf0\" data-element_type=\"widget\" data-widget_type=\"text-editor.default\">\n\t\t\t\t<div class=\"elementor-widget-container\">\n\t\t\t<style>\/*! elementor - v3.22.0 - 26-06-2024 *\/\n.elementor-widget-text-editor.elementor-drop-cap-view-stacked .elementor-drop-cap{background-color:#69727d;color:#fff}.elementor-widget-text-editor.elementor-drop-cap-view-framed .elementor-drop-cap{color:#69727d;border:3px solid;background-color:transparent}.elementor-widget-text-editor:not(.elementor-drop-cap-view-default) .elementor-drop-cap{margin-top:8px}.elementor-widget-text-editor:not(.elementor-drop-cap-view-default) .elementor-drop-cap-letter{width:1em;height:1em}.elementor-widget-text-editor .elementor-drop-cap{float:left;text-align:center;line-height:1;font-size:50px}.elementor-widget-text-editor .elementor-drop-cap-letter{display:inline-block}<\/style>\t\t\t\t<p>L&#8217;<strong>ADC335<\/strong> est une <strong>alimentation non secourue 12V<\/strong> DC \u00e0 d\u00e9coupage par <strong>CDVI<\/strong>. Compacte elle dispose de <strong>3 modules RAIL-DIN<\/strong> et est prot\u00e9g\u00e9e en primaire et secondaire par \u00e9lectronique.<\/p>\t\t\t\t\t\t<\/div>\n\t\t\t\t<\/div>\n\t\t\t\t\t<\/div>\n\t\t<\/div>\n\t\t\t\t\t<\/div>\n\t\t<\/section>\n\t\t\t\t<section class=\"elementor-section elementor-top-section elementor-element elementor-element-d6f91f5 elementor-section-boxed elementor-section-height-default elementor-section-height-default\" data-id=\"d6f91f5\" data-element_type=\"section\">\n\t\t\t\t\t\t<div class=\"elementor-container elementor-column-gap-default\">\n\t\t\t\t\t<div class=\"elementor-column elementor-col-50 elementor-top-column elementor-element elementor-element-89393f5\" data-id=\"89393f5\" data-element_type=\"column\">\n\t\t\t<div class=\"elementor-widget-wrap elementor-element-populated\">\n\t\t\t\t\t\t<div class=\"elementor-element elementor-element-bf60f5c elementor-widget elementor-widget-heading\" data-id=\"bf60f5c\" data-element_type=\"widget\" data-widget_type=\"heading.default\">\n\t\t\t\t<div class=\"elementor-widget-container\">\n\t\t\t<style>\/*! elementor - v3.22.0 - 26-06-2024 *\/\n.elementor-heading-title{padding:0;margin:0;line-height:1}.elementor-widget-heading .elementor-heading-title[class*=elementor-size-]>a{color:inherit;font-size:inherit;line-height:inherit}.elementor-widget-heading .elementor-heading-title.elementor-size-small{font-size:15px}.elementor-widget-heading .elementor-heading-title.elementor-size-medium{font-size:19px}.elementor-widget-heading .elementor-heading-title.elementor-size-large{font-size:29px}.elementor-widget-heading .elementor-heading-title.elementor-size-xl{font-size:39px}.elementor-widget-heading .elementor-heading-title.elementor-size-xxl{font-size:59px}<\/style><h3 class=\"elementor-heading-title elementor-size-default\">Caract\u00e9ristiques techniques<\/h3>\t\t<\/div>\n\t\t\t\t<\/div>\n\t\t\t\t\t<\/div>\n\t\t<\/div>\n\t\t\t\t<div class=\"elementor-column elementor-col-50 elementor-top-column elementor-element elementor-element-0222bf6\" data-id=\"0222bf6\" data-element_type=\"column\">\n\t\t\t<div class=\"elementor-widget-wrap elementor-element-populated\">\n\t\t\t\t\t\t\t<\/div>\n\t\t<\/div>\n\t\t\t\t\t<\/div>\n\t\t<\/section>\n\t\t\t\t<section class=\"elementor-section elementor-top-section elementor-element elementor-element-482a5c9 elementor-section-boxed elementor-section-height-default elementor-section-height-default\" data-id=\"482a5c9\" data-element_type=\"section\">\n\t\t\t\t\t\t<div class=\"elementor-container elementor-column-gap-default\">\n\t\t\t\t\t<div class=\"elementor-column elementor-col-50 elementor-top-column elementor-element elementor-element-2ecb315\" data-id=\"2ecb315\" data-element_type=\"column\">\n\t\t\t<div class=\"elementor-widget-wrap elementor-element-populated\">\n\t\t\t\t\t\t<div class=\"elementor-element elementor-element-0a7dd4d elementor-widget elementor-widget-text-editor\" data-id=\"0a7dd4d\" data-element_type=\"widget\" data-widget_type=\"text-editor.default\">\n\t\t\t\t<div class=\"elementor-widget-container\">\n\t\t\t\t\t\t\t<ul>\n<li>Boitier ignifug\u00e9<\/li>\n<li>Tension de sortie 12V DC<\/li>\n<li>Intensit\u00e9 maximum de sortie : 3,5A<\/li>\n<li>Dimensions : 54x90x58mm<\/li>\n<\/ul>\t\t\t\t\t\t<\/div>\n\t\t\t\t<\/div>\n\t\t\t\t\t<\/div>\n\t\t<\/div>\n\t\t\t\t<div class=\"elementor-column elementor-col-50 elementor-top-column elementor-element elementor-element-55d3542\" data-id=\"55d3542\" data-element_type=\"column\">\n\t\t\t<div class=\"elementor-widget-wrap\">\n\t\t\t\t\t\t\t<\/div>\n\t\t<\/div>\n\t\t\t\t\t<\/div>\n\t\t<\/section>\n\t\t\t\t<section class=\"elementor-section elementor-top-section elementor-element elementor-element-0ad4a96 elementor-section-boxed elementor-section-height-default elementor-section-height-default\" data-id=\"0ad4a96\" data-element_type=\"section\">\n\t\t\t\t\t\t<div class=\"elementor-container elementor-column-gap-default\">\n\t\t\t\t\t<div class=\"elementor-column elementor-col-100 elementor-top-column elementor-element elementor-element-fec5abf\" data-id=\"fec5abf\" data-element_type=\"column\">\n\t\t\t<div class=\"elementor-widget-wrap elementor-element-populated\">\n\t\t\t\t\t\t<div class=\"elementor-element elementor-element-b2b6740 elementor-align-center elementor-widget elementor-widget-button\" data-id=\"b2b6740\" data-element_type=\"widget\" data-widget_type=\"button.default\">\n\t\t\t\t<div class=\"elementor-widget-container\">\n\t\t\t\t\t<div class=\"elementor-button-wrapper\">\n\t\t\t<a class=\"elementor-button elementor-button-link elementor-size-lg elementor-animation-grow\" href=\"https:\/\/www.cdvi.fr\/fr\/nos-produits\/adc335\/\">\n\t\t\t\t\t\t<span class=\"elementor-button-content-wrapper\">\n\t\t\t\t\t\t\t\t\t<span class=\"elementor-button-text\">Pour en savoir plus<\/span>\n\t\t\t\t\t<\/span>\n\t\t\t\t\t<\/a>\n\t\t<\/div>\n\t\t\t\t<\/div>\n\t\t\t\t<\/div>\n\t\t\t\t\t<\/div>\n\t\t<\/div>\n\t\t\t\t\t<\/div>\n\t\t<\/section>\n\t\t\t\t<\/div>\n\t\t","protected":false},"excerpt":{"rendered":"<p>L&#8217;ADC335 est une alimentation non secourue 12V DC \u00e0 d\u00e9coupage par CDVI. Compacte elle dispose de 3 modules RAIL-DIN et est prot\u00e9g\u00e9e en primaire et secondaire par \u00e9lectronique. Caract\u00e9ristiques techniques Boitier ignifug\u00e9 Tension de sortie 12V DC Intensit\u00e9 maximum de sortie : 3,5A Dimensions : 54x90x58mm Pour en savoir plus<\/p>\n","protected":false},"author":1,"featured_media":460,"parent":0,"menu_order":0,"comment_status":"closed","ping_status":"closed","template":"","meta":{"footnotes":""},"class_list":["post-145","page","type-page","status-publish","has-post-thumbnail","hentry","post","post-with-thumbnail","post-with-thumbnail-large"],"yoast_head":"<!-- This site is optimized with the Yoast SEO plugin v23.0 - https:\/\/yoast.com\/wordpress\/plugins\/seo\/ -->\n<title>ADC335 - Digicode<\/title>\n<meta name=\"description\" content=\"L\u2019ADC335 est une alimentation non secourue 12V DC \u00e0 d\u00e9coupage par CDVI. Compacte elle dispose de 3 modules RAIL-DIN\" \/>\n<meta name=\"robots\" content=\"index, follow, max-snippet:-1, max-image-preview:large, max-video-preview:-1\" \/>\n<link rel=\"canonical\" href=\"https:\/\/digicode.fr\/index.php\/adc335\/\" \/>\n<meta property=\"og:locale\" content=\"en_US\" \/>\n<meta property=\"og:type\" content=\"article\" \/>\n<meta property=\"og:title\" content=\"ADC335 - Digicode\" \/>\n<meta property=\"og:description\" content=\"L\u2019ADC335 est une alimentation non secourue 12V DC \u00e0 d\u00e9coupage par CDVI. Compacte elle dispose de 3 modules RAIL-DIN\" \/>\n<meta property=\"og:url\" content=\"https:\/\/digicode.fr\/index.php\/adc335\/\" \/>\n<meta property=\"og:site_name\" content=\"Digicode\" \/>\n<meta property=\"article:modified_time\" content=\"2023-04-17T09:39:05+00:00\" \/>\n<meta property=\"og:image\" content=\"https:\/\/digicode.fr\/wp-content\/uploads\/2023\/04\/ADC335_1-1024x683.png\" \/>\n\t<meta property=\"og:image:width\" content=\"1024\" \/>\n\t<meta property=\"og:image:height\" content=\"683\" \/>\n\t<meta property=\"og:image:type\" content=\"image\/png\" \/>\n<meta name=\"twitter:card\" content=\"summary_large_image\" \/>\n<meta name=\"twitter:label1\" content=\"Est. reading time\" \/>\n\t<meta name=\"twitter:data1\" content=\"1 minute\" \/>\n<script type=\"application\/ld+json\" class=\"yoast-schema-graph\">{\"@context\":\"https:\/\/schema.org\",\"@graph\":[{\"@type\":\"WebPage\",\"@id\":\"https:\/\/digicode.fr\/index.php\/adc335\/\",\"url\":\"https:\/\/digicode.fr\/index.php\/adc335\/\",\"name\":\"ADC335 - Digicode\",\"isPartOf\":{\"@id\":\"https:\/\/digicode.fr\/#website\"},\"primaryImageOfPage\":{\"@id\":\"https:\/\/digicode.fr\/index.php\/adc335\/#primaryimage\"},\"image\":{\"@id\":\"https:\/\/digicode.fr\/index.php\/adc335\/#primaryimage\"},\"thumbnailUrl\":\"https:\/\/digicode.fr\/wp-content\/uploads\/2023\/04\/ADC335_1.png\",\"datePublished\":\"2023-04-06T11:35:16+00:00\",\"dateModified\":\"2023-04-17T09:39:05+00:00\",\"description\":\"L\u2019ADC335 est une alimentation non secourue 12V DC \u00e0 d\u00e9coupage par CDVI. Compacte elle dispose de 3 modules RAIL-DIN\",\"breadcrumb\":{\"@id\":\"https:\/\/digicode.fr\/index.php\/adc335\/#breadcrumb\"},\"inLanguage\":\"en-US\",\"potentialAction\":[{\"@type\":\"ReadAction\",\"target\":[\"https:\/\/digicode.fr\/index.php\/adc335\/\"]}]},{\"@type\":\"ImageObject\",\"inLanguage\":\"en-US\",\"@id\":\"https:\/\/digicode.fr\/index.php\/adc335\/#primaryimage\",\"url\":\"https:\/\/digicode.fr\/wp-content\/uploads\/2023\/04\/ADC335_1.png\",\"contentUrl\":\"https:\/\/digicode.fr\/wp-content\/uploads\/2023\/04\/ADC335_1.png\",\"width\":3000,\"height\":2000,\"caption\":\"Alimentation non secourue 12V DC ADC335 par CDVI\"},{\"@type\":\"BreadcrumbList\",\"@id\":\"https:\/\/digicode.fr\/index.php\/adc335\/#breadcrumb\",\"itemListElement\":[{\"@type\":\"ListItem\",\"position\":1,\"name\":\"Digicode\",\"item\":\"https:\/\/digicode.fr\/\"},{\"@type\":\"ListItem\",\"position\":2,\"name\":\"ADC335\"}]},{\"@type\":\"WebSite\",\"@id\":\"https:\/\/digicode.fr\/#website\",\"url\":\"https:\/\/digicode.fr\/\",\"name\":\"Digicode\",\"description\":\"Digicode une marque CDVI\",\"publisher\":{\"@id\":\"https:\/\/digicode.fr\/#organization\"},\"potentialAction\":[{\"@type\":\"SearchAction\",\"target\":{\"@type\":\"EntryPoint\",\"urlTemplate\":\"https:\/\/digicode.fr\/?s={search_term_string}\"},\"query-input\":\"required name=search_term_string\"}],\"inLanguage\":\"en-US\"},{\"@type\":\"Organization\",\"@id\":\"https:\/\/digicode.fr\/#organization\",\"name\":\"Digicode\",\"url\":\"https:\/\/digicode.fr\/\",\"logo\":{\"@type\":\"ImageObject\",\"inLanguage\":\"en-US\",\"@id\":\"https:\/\/digicode.fr\/#\/schema\/logo\/image\/\",\"url\":\"https:\/\/digicode.fr\/wp-content\/uploads\/2023\/04\/CDVIDigicode.fr_.png\",\"contentUrl\":\"https:\/\/digicode.fr\/wp-content\/uploads\/2023\/04\/CDVIDigicode.fr_.png\",\"width\":1200,\"height\":225,\"caption\":\"Digicode\"},\"image\":{\"@id\":\"https:\/\/digicode.fr\/#\/schema\/logo\/image\/\"}}]}<\/script>\n<!-- \/ Yoast SEO plugin. -->","yoast_head_json":{"title":"ADC335 - Digicode","description":"L\u2019ADC335 est une alimentation non secourue 12V DC \u00e0 d\u00e9coupage par CDVI. Compacte elle dispose de 3 modules RAIL-DIN","robots":{"index":"index","follow":"follow","max-snippet":"max-snippet:-1","max-image-preview":"max-image-preview:large","max-video-preview":"max-video-preview:-1"},"canonical":"https:\/\/digicode.fr\/index.php\/adc335\/","og_locale":"en_US","og_type":"article","og_title":"ADC335 - Digicode","og_description":"L\u2019ADC335 est une alimentation non secourue 12V DC \u00e0 d\u00e9coupage par CDVI. Compacte elle dispose de 3 modules RAIL-DIN","og_url":"https:\/\/digicode.fr\/index.php\/adc335\/","og_site_name":"Digicode","article_modified_time":"2023-04-17T09:39:05+00:00","og_image":[{"width":1024,"height":683,"url":"https:\/\/digicode.fr\/wp-content\/uploads\/2023\/04\/ADC335_1-1024x683.png","type":"image\/png"}],"twitter_card":"summary_large_image","twitter_misc":{"Est. reading time":"1 minute"},"schema":{"@context":"https:\/\/schema.org","@graph":[{"@type":"WebPage","@id":"https:\/\/digicode.fr\/index.php\/adc335\/","url":"https:\/\/digicode.fr\/index.php\/adc335\/","name":"ADC335 - Digicode","isPartOf":{"@id":"https:\/\/digicode.fr\/#website"},"primaryImageOfPage":{"@id":"https:\/\/digicode.fr\/index.php\/adc335\/#primaryimage"},"image":{"@id":"https:\/\/digicode.fr\/index.php\/adc335\/#primaryimage"},"thumbnailUrl":"https:\/\/digicode.fr\/wp-content\/uploads\/2023\/04\/ADC335_1.png","datePublished":"2023-04-06T11:35:16+00:00","dateModified":"2023-04-17T09:39:05+00:00","description":"L\u2019ADC335 est une alimentation non secourue 12V DC \u00e0 d\u00e9coupage par CDVI. Compacte elle dispose de 3 modules RAIL-DIN","breadcrumb":{"@id":"https:\/\/digicode.fr\/index.php\/adc335\/#breadcrumb"},"inLanguage":"en-US","potentialAction":[{"@type":"ReadAction","target":["https:\/\/digicode.fr\/index.php\/adc335\/"]}]},{"@type":"ImageObject","inLanguage":"en-US","@id":"https:\/\/digicode.fr\/index.php\/adc335\/#primaryimage","url":"https:\/\/digicode.fr\/wp-content\/uploads\/2023\/04\/ADC335_1.png","contentUrl":"https:\/\/digicode.fr\/wp-content\/uploads\/2023\/04\/ADC335_1.png","width":3000,"height":2000,"caption":"Alimentation non secourue 12V DC ADC335 par CDVI"},{"@type":"BreadcrumbList","@id":"https:\/\/digicode.fr\/index.php\/adc335\/#breadcrumb","itemListElement":[{"@type":"ListItem","position":1,"name":"Digicode","item":"https:\/\/digicode.fr\/"},{"@type":"ListItem","position":2,"name":"ADC335"}]},{"@type":"WebSite","@id":"https:\/\/digicode.fr\/#website","url":"https:\/\/digicode.fr\/","name":"Digicode","description":"Digicode une marque CDVI","publisher":{"@id":"https:\/\/digicode.fr\/#organization"},"potentialAction":[{"@type":"SearchAction","target":{"@type":"EntryPoint","urlTemplate":"https:\/\/digicode.fr\/?s={search_term_string}"},"query-input":"required name=search_term_string"}],"inLanguage":"en-US"},{"@type":"Organization","@id":"https:\/\/digicode.fr\/#organization","name":"Digicode","url":"https:\/\/digicode.fr\/","logo":{"@type":"ImageObject","inLanguage":"en-US","@id":"https:\/\/digicode.fr\/#\/schema\/logo\/image\/","url":"https:\/\/digicode.fr\/wp-content\/uploads\/2023\/04\/CDVIDigicode.fr_.png","contentUrl":"https:\/\/digicode.fr\/wp-content\/uploads\/2023\/04\/CDVIDigicode.fr_.png","width":1200,"height":225,"caption":"Digicode"},"image":{"@id":"https:\/\/digicode.fr\/#\/schema\/logo\/image\/"}}]}},"_links":{"self":[{"href":"https:\/\/digicode.fr\/index.php\/wp-json\/wp\/v2\/pages\/145","targetHints":{"allow":["GET"]}}],"collection":[{"href":"https:\/\/digicode.fr\/index.php\/wp-json\/wp\/v2\/pages"}],"about":[{"href":"https:\/\/digicode.fr\/index.php\/wp-json\/wp\/v2\/types\/page"}],"author":[{"embeddable":true,"href":"https:\/\/digicode.fr\/index.php\/wp-json\/wp\/v2\/users\/1"}],"replies":[{"embeddable":true,"href":"https:\/\/digicode.fr\/index.php\/wp-json\/wp\/v2\/comments?post=145"}],"version-history":[{"count":14,"href":"https:\/\/digicode.fr\/index.php\/wp-json\/wp\/v2\/pages\/145\/revisions"}],"predecessor-version":[{"id":563,"href":"https:\/\/digicode.fr\/index.php\/wp-json\/wp\/v2\/pages\/145\/revisions\/563"}],"wp:featuredmedia":[{"embeddable":true,"href":"https:\/\/digicode.fr\/index.php\/wp-json\/wp\/v2\/media\/460"}],"wp:attachment":[{"href":"https:\/\/digicode.fr\/index.php\/wp-json\/wp\/v2\/media?parent=145"}],"curies":[{"name":"wp","href":"https:\/\/api.w.org\/{rel}","templated":true}]}}