{"id":149,"date":"2023-04-06T13:36:54","date_gmt":"2023-04-06T11:36:54","guid":{"rendered":"http:\/\/digicode.fr\/?page_id=149"},"modified":"2023-04-17T12:07:33","modified_gmt":"2023-04-17T10:07:33","slug":"psmb125","status":"publish","type":"page","link":"https:\/\/digicode.fr\/index.php\/psmb125\/","title":{"rendered":"PSMB125"},"content":{"rendered":"\t\t<div data-elementor-type=\"wp-page\" data-elementor-id=\"149\" class=\"elementor elementor-149\">\n\t\t\t\t\t\t<section class=\"elementor-section elementor-top-section elementor-element elementor-element-f918c88 elementor-section-boxed elementor-section-height-default elementor-section-height-default\" data-id=\"f918c88\" data-element_type=\"section\">\n\t\t\t\t\t\t<div class=\"elementor-container elementor-column-gap-default\">\n\t\t\t\t\t<div class=\"elementor-column elementor-col-100 elementor-top-column elementor-element elementor-element-e3a46ed\" data-id=\"e3a46ed\" data-element_type=\"column\">\n\t\t\t<div class=\"elementor-widget-wrap elementor-element-populated\">\n\t\t\t\t\t\t<div class=\"elementor-element elementor-element-4a223a5 elementor-widget elementor-widget-image\" data-id=\"4a223a5\" data-element_type=\"widget\" data-widget_type=\"image.default\">\n\t\t\t\t<div class=\"elementor-widget-container\">\n\t\t\t<style>\/*! elementor - v3.22.0 - 26-06-2024 *\/\n.elementor-widget-image{text-align:center}.elementor-widget-image a{display:inline-block}.elementor-widget-image a img[src$=\".svg\"]{width:48px}.elementor-widget-image img{vertical-align:middle;display:inline-block}<\/style>\t\t\t\t\t\t\t\t\t\t<img fetchpriority=\"high\" decoding=\"async\" width=\"300\" height=\"200\" src=\"https:\/\/digicode.fr\/wp-content\/uploads\/2023\/04\/PSMB125_1-300x200.png\" class=\"elementor-animation-grow attachment-medium size-medium wp-image-493\" alt=\"alimentation pour digicode PSMB125 par CDVI\" srcset=\"https:\/\/digicode.fr\/wp-content\/uploads\/2023\/04\/PSMB125_1-300x200.png 300w, https:\/\/digicode.fr\/wp-content\/uploads\/2023\/04\/PSMB125_1-1024x683.png 1024w, https:\/\/digicode.fr\/wp-content\/uploads\/2023\/04\/PSMB125_1-768x512.png 768w, https:\/\/digicode.fr\/wp-content\/uploads\/2023\/04\/PSMB125_1-1536x1024.png 1536w, https:\/\/digicode.fr\/wp-content\/uploads\/2023\/04\/PSMB125_1-2048x1365.png 2048w, https:\/\/digicode.fr\/wp-content\/uploads\/2023\/04\/PSMB125_1-272x182.png 272w\" sizes=\"(max-width: 300px) 100vw, 300px\" \/>\t\t\t\t\t\t\t\t\t\t\t\t\t<\/div>\n\t\t\t\t<\/div>\n\t\t\t\t\t<\/div>\n\t\t<\/div>\n\t\t\t\t\t<\/div>\n\t\t<\/section>\n\t\t\t\t<section class=\"elementor-section elementor-top-section elementor-element elementor-element-bb51501 elementor-section-boxed elementor-section-height-default elementor-section-height-default\" data-id=\"bb51501\" data-element_type=\"section\">\n\t\t\t\t\t\t<div class=\"elementor-container elementor-column-gap-default\">\n\t\t\t\t\t<div class=\"elementor-column elementor-col-100 elementor-top-column elementor-element elementor-element-eb5e733\" data-id=\"eb5e733\" data-element_type=\"column\">\n\t\t\t<div class=\"elementor-widget-wrap elementor-element-populated\">\n\t\t\t\t\t\t<div class=\"elementor-element elementor-element-6d9869c elementor-widget elementor-widget-text-editor\" data-id=\"6d9869c\" data-element_type=\"widget\" data-widget_type=\"text-editor.default\">\n\t\t\t\t<div class=\"elementor-widget-container\">\n\t\t\t<style>\/*! elementor - v3.22.0 - 26-06-2024 *\/\n.elementor-widget-text-editor.elementor-drop-cap-view-stacked .elementor-drop-cap{background-color:#69727d;color:#fff}.elementor-widget-text-editor.elementor-drop-cap-view-framed .elementor-drop-cap{color:#69727d;border:3px solid;background-color:transparent}.elementor-widget-text-editor:not(.elementor-drop-cap-view-default) .elementor-drop-cap{margin-top:8px}.elementor-widget-text-editor:not(.elementor-drop-cap-view-default) .elementor-drop-cap-letter{width:1em;height:1em}.elementor-widget-text-editor .elementor-drop-cap{float:left;text-align:center;line-height:1;font-size:50px}.elementor-widget-text-editor .elementor-drop-cap-letter{display:inline-block}<\/style>\t\t\t\t<p>L\u2019<strong>alimentation \u00e0 d\u00e9coupage PSMB125<\/strong>\u00a0est pr\u00e9conis\u00e9e pour tous les dispositifs de contr\u00f4le d\u2019acc\u00e8s. (<strong>Digicode<\/strong>, Centrales de gestion de portes, ventouses \u00e9lectromagn\u00e9tiques, bandeaux ventouses, g\u00e2ches \u00e9lectriques, \u2026) . Elle est constitu\u00e9e d\u2019un boitier m\u00e9tallique Blanc S\u00e9curit\u00e9 (<strong>RAL 9003<\/strong>) pourvu d\u2019une <strong>serrure \u00e0 clef fournie<\/strong>. Son carton d\u2019emballage est con\u00e7u pour servir \u00e9galement de gabarit de per\u00e7age, facilitant la pose en saillie de la PSMB125, que <strong>CDVI<\/strong> garantit pendant 10 ans.<\/p>\t\t\t\t\t\t<\/div>\n\t\t\t\t<\/div>\n\t\t\t\t\t<\/div>\n\t\t<\/div>\n\t\t\t\t\t<\/div>\n\t\t<\/section>\n\t\t\t\t<section class=\"elementor-section elementor-top-section elementor-element elementor-element-e5c373d elementor-section-boxed elementor-section-height-default elementor-section-height-default\" data-id=\"e5c373d\" data-element_type=\"section\">\n\t\t\t\t\t\t<div class=\"elementor-container elementor-column-gap-default\">\n\t\t\t\t\t<div class=\"elementor-column elementor-col-50 elementor-top-column elementor-element elementor-element-4c5cb18\" data-id=\"4c5cb18\" data-element_type=\"column\">\n\t\t\t<div class=\"elementor-widget-wrap elementor-element-populated\">\n\t\t\t\t\t\t<div class=\"elementor-element elementor-element-c9eaece elementor-widget elementor-widget-heading\" data-id=\"c9eaece\" data-element_type=\"widget\" data-widget_type=\"heading.default\">\n\t\t\t\t<div class=\"elementor-widget-container\">\n\t\t\t<style>\/*! elementor - v3.22.0 - 26-06-2024 *\/\n.elementor-heading-title{padding:0;margin:0;line-height:1}.elementor-widget-heading .elementor-heading-title[class*=elementor-size-]>a{color:inherit;font-size:inherit;line-height:inherit}.elementor-widget-heading .elementor-heading-title.elementor-size-small{font-size:15px}.elementor-widget-heading .elementor-heading-title.elementor-size-medium{font-size:19px}.elementor-widget-heading .elementor-heading-title.elementor-size-large{font-size:29px}.elementor-widget-heading .elementor-heading-title.elementor-size-xl{font-size:39px}.elementor-widget-heading .elementor-heading-title.elementor-size-xxl{font-size:59px}<\/style><h3 class=\"elementor-heading-title elementor-size-default\">Caract\u00e9ristiques techniques<\/h3>\t\t<\/div>\n\t\t\t\t<\/div>\n\t\t\t\t\t<\/div>\n\t\t<\/div>\n\t\t\t\t<div class=\"elementor-column elementor-col-50 elementor-top-column elementor-element elementor-element-ad68bc1\" data-id=\"ad68bc1\" data-element_type=\"column\">\n\t\t\t<div class=\"elementor-widget-wrap\">\n\t\t\t\t\t\t\t<\/div>\n\t\t<\/div>\n\t\t\t\t\t<\/div>\n\t\t<\/section>\n\t\t\t\t<section class=\"elementor-section elementor-top-section elementor-element elementor-element-45ba562 elementor-section-boxed elementor-section-height-default elementor-section-height-default\" data-id=\"45ba562\" data-element_type=\"section\">\n\t\t\t\t\t\t<div class=\"elementor-container elementor-column-gap-default\">\n\t\t\t\t\t<div class=\"elementor-column elementor-col-50 elementor-top-column elementor-element elementor-element-2109933\" data-id=\"2109933\" data-element_type=\"column\">\n\t\t\t<div class=\"elementor-widget-wrap elementor-element-populated\">\n\t\t\t\t\t\t<div class=\"elementor-element elementor-element-5f869dd elementor-widget elementor-widget-text-editor\" data-id=\"5f869dd\" data-element_type=\"widget\" data-widget_type=\"text-editor.default\">\n\t\t\t\t<div class=\"elementor-widget-container\">\n\t\t\t\t\t\t\t<ul>\n<li>Boitier ignifug\u00e9<\/li>\n<li>Tension de sortie 13.8V DC<\/li>\n<li>Intensit\u00e9 maximum de sortie : 5A<\/li>\n<li>Dimensions : 195x265x75mm<\/li>\n<\/ul>\t\t\t\t\t\t<\/div>\n\t\t\t\t<\/div>\n\t\t\t\t\t<\/div>\n\t\t<\/div>\n\t\t\t\t<div class=\"elementor-column elementor-col-50 elementor-top-column elementor-element elementor-element-cf52090\" data-id=\"cf52090\" data-element_type=\"column\">\n\t\t\t<div class=\"elementor-widget-wrap\">\n\t\t\t\t\t\t\t<\/div>\n\t\t<\/div>\n\t\t\t\t\t<\/div>\n\t\t<\/section>\n\t\t\t\t<section class=\"elementor-section elementor-top-section elementor-element elementor-element-f2dec5c elementor-section-boxed elementor-section-height-default elementor-section-height-default\" data-id=\"f2dec5c\" data-element_type=\"section\">\n\t\t\t\t\t\t<div class=\"elementor-container elementor-column-gap-default\">\n\t\t\t\t\t<div class=\"elementor-column elementor-col-100 elementor-top-column elementor-element elementor-element-0595697\" data-id=\"0595697\" data-element_type=\"column\">\n\t\t\t<div class=\"elementor-widget-wrap elementor-element-populated\">\n\t\t\t\t\t\t<div class=\"elementor-element elementor-element-a4fb3e9 elementor-align-center elementor-widget elementor-widget-button\" data-id=\"a4fb3e9\" data-element_type=\"widget\" data-widget_type=\"button.default\">\n\t\t\t\t<div class=\"elementor-widget-container\">\n\t\t\t\t\t<div class=\"elementor-button-wrapper\">\n\t\t\t<a class=\"elementor-button elementor-button-link elementor-size-lg elementor-animation-grow\" href=\"https:\/\/www.cdvi.fr\/fr\/nos-produits\/psmb125\/\">\n\t\t\t\t\t\t<span class=\"elementor-button-content-wrapper\">\n\t\t\t\t\t\t\t\t\t<span class=\"elementor-button-text\">Pour en savoir plus<\/span>\n\t\t\t\t\t<\/span>\n\t\t\t\t\t<\/a>\n\t\t<\/div>\n\t\t\t\t<\/div>\n\t\t\t\t<\/div>\n\t\t\t\t\t<\/div>\n\t\t<\/div>\n\t\t\t\t\t<\/div>\n\t\t<\/section>\n\t\t\t\t<\/div>\n\t\t","protected":false},"excerpt":{"rendered":"<p>L\u2019alimentation \u00e0 d\u00e9coupage PSMB125&nbsp;est pr\u00e9conis\u00e9e pour tous les dispositifs de contr\u00f4le d\u2019acc\u00e8s. (Digicode, Centrales de gestion de portes, ventouses \u00e9lectromagn\u00e9tiques, bandeaux ventouses, g\u00e2ches \u00e9lectriques, \u2026) . Elle est constitu\u00e9e d\u2019un boitier m\u00e9tallique Blanc S\u00e9curit\u00e9 (RAL 9003) pourvu d\u2019une serrure \u00e0 clef fournie. Son carton d\u2019emballage est con\u00e7u pour servir \u00e9galement de gabarit de per\u00e7age, facilitant [&hellip;]<\/p>\n","protected":false},"author":1,"featured_media":493,"parent":0,"menu_order":0,"comment_status":"closed","ping_status":"closed","template":"","meta":{"footnotes":""},"class_list":["post-149","page","type-page","status-publish","has-post-thumbnail","hentry","post","post-with-thumbnail","post-with-thumbnail-large"],"yoast_head":"<!-- This site is optimized with the Yoast SEO plugin v23.0 - https:\/\/yoast.com\/wordpress\/plugins\/seo\/ -->\n<title>PSMB125 - Digicode<\/title>\n<meta name=\"description\" content=\"L\u2019alimentation \u00e0 d\u00e9coupage PSMB125 est pr\u00e9conis\u00e9e pour tous les dispositifs de contr\u00f4le d\u2019acc\u00e8s. CDVI la garantie pendant 10 ans.\" \/>\n<meta name=\"robots\" content=\"index, follow, max-snippet:-1, max-image-preview:large, max-video-preview:-1\" \/>\n<link rel=\"canonical\" href=\"https:\/\/digicode.fr\/index.php\/psmb125\/\" \/>\n<meta property=\"og:locale\" content=\"en_US\" \/>\n<meta property=\"og:type\" content=\"article\" \/>\n<meta property=\"og:title\" content=\"PSMB125 - Digicode\" \/>\n<meta property=\"og:description\" content=\"L\u2019alimentation \u00e0 d\u00e9coupage PSMB125 est pr\u00e9conis\u00e9e pour tous les dispositifs de contr\u00f4le d\u2019acc\u00e8s. CDVI la garantie pendant 10 ans.\" \/>\n<meta property=\"og:url\" content=\"https:\/\/digicode.fr\/index.php\/psmb125\/\" \/>\n<meta property=\"og:site_name\" content=\"Digicode\" \/>\n<meta property=\"article:modified_time\" content=\"2023-04-17T10:07:33+00:00\" \/>\n<meta property=\"og:image\" content=\"https:\/\/digicode.fr\/wp-content\/uploads\/2023\/04\/PSMB125_1.png\" \/>\n\t<meta property=\"og:image:width\" content=\"3000\" \/>\n\t<meta property=\"og:image:height\" content=\"2000\" \/>\n\t<meta property=\"og:image:type\" content=\"image\/png\" \/>\n<meta name=\"twitter:card\" content=\"summary_large_image\" \/>\n<meta name=\"twitter:label1\" content=\"Est. reading time\" \/>\n\t<meta name=\"twitter:data1\" content=\"1 minute\" \/>\n<script type=\"application\/ld+json\" class=\"yoast-schema-graph\">{\"@context\":\"https:\/\/schema.org\",\"@graph\":[{\"@type\":\"WebPage\",\"@id\":\"https:\/\/digicode.fr\/index.php\/psmb125\/\",\"url\":\"https:\/\/digicode.fr\/index.php\/psmb125\/\",\"name\":\"PSMB125 - Digicode\",\"isPartOf\":{\"@id\":\"https:\/\/digicode.fr\/#website\"},\"primaryImageOfPage\":{\"@id\":\"https:\/\/digicode.fr\/index.php\/psmb125\/#primaryimage\"},\"image\":{\"@id\":\"https:\/\/digicode.fr\/index.php\/psmb125\/#primaryimage\"},\"thumbnailUrl\":\"https:\/\/digicode.fr\/wp-content\/uploads\/2023\/04\/PSMB125_1.png\",\"datePublished\":\"2023-04-06T11:36:54+00:00\",\"dateModified\":\"2023-04-17T10:07:33+00:00\",\"description\":\"L\u2019alimentation \u00e0 d\u00e9coupage PSMB125 est pr\u00e9conis\u00e9e pour tous les dispositifs de contr\u00f4le d\u2019acc\u00e8s. CDVI la garantie pendant 10 ans.\",\"breadcrumb\":{\"@id\":\"https:\/\/digicode.fr\/index.php\/psmb125\/#breadcrumb\"},\"inLanguage\":\"en-US\",\"potentialAction\":[{\"@type\":\"ReadAction\",\"target\":[\"https:\/\/digicode.fr\/index.php\/psmb125\/\"]}]},{\"@type\":\"ImageObject\",\"inLanguage\":\"en-US\",\"@id\":\"https:\/\/digicode.fr\/index.php\/psmb125\/#primaryimage\",\"url\":\"https:\/\/digicode.fr\/wp-content\/uploads\/2023\/04\/PSMB125_1.png\",\"contentUrl\":\"https:\/\/digicode.fr\/wp-content\/uploads\/2023\/04\/PSMB125_1.png\",\"width\":3000,\"height\":2000,\"caption\":\"Alimentation PSMB125 12V par CDVI\"},{\"@type\":\"BreadcrumbList\",\"@id\":\"https:\/\/digicode.fr\/index.php\/psmb125\/#breadcrumb\",\"itemListElement\":[{\"@type\":\"ListItem\",\"position\":1,\"name\":\"Digicode\",\"item\":\"https:\/\/digicode.fr\/\"},{\"@type\":\"ListItem\",\"position\":2,\"name\":\"PSMB125\"}]},{\"@type\":\"WebSite\",\"@id\":\"https:\/\/digicode.fr\/#website\",\"url\":\"https:\/\/digicode.fr\/\",\"name\":\"Digicode\",\"description\":\"Digicode une marque CDVI\",\"publisher\":{\"@id\":\"https:\/\/digicode.fr\/#organization\"},\"potentialAction\":[{\"@type\":\"SearchAction\",\"target\":{\"@type\":\"EntryPoint\",\"urlTemplate\":\"https:\/\/digicode.fr\/?s={search_term_string}\"},\"query-input\":\"required name=search_term_string\"}],\"inLanguage\":\"en-US\"},{\"@type\":\"Organization\",\"@id\":\"https:\/\/digicode.fr\/#organization\",\"name\":\"Digicode\",\"url\":\"https:\/\/digicode.fr\/\",\"logo\":{\"@type\":\"ImageObject\",\"inLanguage\":\"en-US\",\"@id\":\"https:\/\/digicode.fr\/#\/schema\/logo\/image\/\",\"url\":\"https:\/\/digicode.fr\/wp-content\/uploads\/2023\/04\/CDVIDigicode.fr_.png\",\"contentUrl\":\"https:\/\/digicode.fr\/wp-content\/uploads\/2023\/04\/CDVIDigicode.fr_.png\",\"width\":1200,\"height\":225,\"caption\":\"Digicode\"},\"image\":{\"@id\":\"https:\/\/digicode.fr\/#\/schema\/logo\/image\/\"}}]}<\/script>\n<!-- \/ Yoast SEO plugin. -->","yoast_head_json":{"title":"PSMB125 - Digicode","description":"L\u2019alimentation \u00e0 d\u00e9coupage PSMB125 est pr\u00e9conis\u00e9e pour tous les dispositifs de contr\u00f4le d\u2019acc\u00e8s. CDVI la garantie pendant 10 ans.","robots":{"index":"index","follow":"follow","max-snippet":"max-snippet:-1","max-image-preview":"max-image-preview:large","max-video-preview":"max-video-preview:-1"},"canonical":"https:\/\/digicode.fr\/index.php\/psmb125\/","og_locale":"en_US","og_type":"article","og_title":"PSMB125 - Digicode","og_description":"L\u2019alimentation \u00e0 d\u00e9coupage PSMB125 est pr\u00e9conis\u00e9e pour tous les dispositifs de contr\u00f4le d\u2019acc\u00e8s. CDVI la garantie pendant 10 ans.","og_url":"https:\/\/digicode.fr\/index.php\/psmb125\/","og_site_name":"Digicode","article_modified_time":"2023-04-17T10:07:33+00:00","og_image":[{"width":3000,"height":2000,"url":"https:\/\/digicode.fr\/wp-content\/uploads\/2023\/04\/PSMB125_1.png","type":"image\/png"}],"twitter_card":"summary_large_image","twitter_misc":{"Est. reading time":"1 minute"},"schema":{"@context":"https:\/\/schema.org","@graph":[{"@type":"WebPage","@id":"https:\/\/digicode.fr\/index.php\/psmb125\/","url":"https:\/\/digicode.fr\/index.php\/psmb125\/","name":"PSMB125 - Digicode","isPartOf":{"@id":"https:\/\/digicode.fr\/#website"},"primaryImageOfPage":{"@id":"https:\/\/digicode.fr\/index.php\/psmb125\/#primaryimage"},"image":{"@id":"https:\/\/digicode.fr\/index.php\/psmb125\/#primaryimage"},"thumbnailUrl":"https:\/\/digicode.fr\/wp-content\/uploads\/2023\/04\/PSMB125_1.png","datePublished":"2023-04-06T11:36:54+00:00","dateModified":"2023-04-17T10:07:33+00:00","description":"L\u2019alimentation \u00e0 d\u00e9coupage PSMB125 est pr\u00e9conis\u00e9e pour tous les dispositifs de contr\u00f4le d\u2019acc\u00e8s. CDVI la garantie pendant 10 ans.","breadcrumb":{"@id":"https:\/\/digicode.fr\/index.php\/psmb125\/#breadcrumb"},"inLanguage":"en-US","potentialAction":[{"@type":"ReadAction","target":["https:\/\/digicode.fr\/index.php\/psmb125\/"]}]},{"@type":"ImageObject","inLanguage":"en-US","@id":"https:\/\/digicode.fr\/index.php\/psmb125\/#primaryimage","url":"https:\/\/digicode.fr\/wp-content\/uploads\/2023\/04\/PSMB125_1.png","contentUrl":"https:\/\/digicode.fr\/wp-content\/uploads\/2023\/04\/PSMB125_1.png","width":3000,"height":2000,"caption":"Alimentation PSMB125 12V par CDVI"},{"@type":"BreadcrumbList","@id":"https:\/\/digicode.fr\/index.php\/psmb125\/#breadcrumb","itemListElement":[{"@type":"ListItem","position":1,"name":"Digicode","item":"https:\/\/digicode.fr\/"},{"@type":"ListItem","position":2,"name":"PSMB125"}]},{"@type":"WebSite","@id":"https:\/\/digicode.fr\/#website","url":"https:\/\/digicode.fr\/","name":"Digicode","description":"Digicode une marque CDVI","publisher":{"@id":"https:\/\/digicode.fr\/#organization"},"potentialAction":[{"@type":"SearchAction","target":{"@type":"EntryPoint","urlTemplate":"https:\/\/digicode.fr\/?s={search_term_string}"},"query-input":"required name=search_term_string"}],"inLanguage":"en-US"},{"@type":"Organization","@id":"https:\/\/digicode.fr\/#organization","name":"Digicode","url":"https:\/\/digicode.fr\/","logo":{"@type":"ImageObject","inLanguage":"en-US","@id":"https:\/\/digicode.fr\/#\/schema\/logo\/image\/","url":"https:\/\/digicode.fr\/wp-content\/uploads\/2023\/04\/CDVIDigicode.fr_.png","contentUrl":"https:\/\/digicode.fr\/wp-content\/uploads\/2023\/04\/CDVIDigicode.fr_.png","width":1200,"height":225,"caption":"Digicode"},"image":{"@id":"https:\/\/digicode.fr\/#\/schema\/logo\/image\/"}}]}},"_links":{"self":[{"href":"https:\/\/digicode.fr\/index.php\/wp-json\/wp\/v2\/pages\/149","targetHints":{"allow":["GET"]}}],"collection":[{"href":"https:\/\/digicode.fr\/index.php\/wp-json\/wp\/v2\/pages"}],"about":[{"href":"https:\/\/digicode.fr\/index.php\/wp-json\/wp\/v2\/types\/page"}],"author":[{"embeddable":true,"href":"https:\/\/digicode.fr\/index.php\/wp-json\/wp\/v2\/users\/1"}],"replies":[{"embeddable":true,"href":"https:\/\/digicode.fr\/index.php\/wp-json\/wp\/v2\/comments?post=149"}],"version-history":[{"count":5,"href":"https:\/\/digicode.fr\/index.php\/wp-json\/wp\/v2\/pages\/149\/revisions"}],"predecessor-version":[{"id":587,"href":"https:\/\/digicode.fr\/index.php\/wp-json\/wp\/v2\/pages\/149\/revisions\/587"}],"wp:featuredmedia":[{"embeddable":true,"href":"https:\/\/digicode.fr\/index.php\/wp-json\/wp\/v2\/media\/493"}],"wp:attachment":[{"href":"https:\/\/digicode.fr\/index.php\/wp-json\/wp\/v2\/media?parent=149"}],"curies":[{"name":"wp","href":"https:\/\/api.w.org\/{rel}","templated":true}]}}