{"id":3,"date":"2023-04-05T12:46:22","date_gmt":"2023-04-05T10:46:22","guid":{"rendered":"http:\/\/digicode.fr\/?page_id=3"},"modified":"2023-04-19T14:44:11","modified_gmt":"2023-04-19T12:44:11","slug":"politique-de-confidentialite","status":"publish","type":"page","link":"https:\/\/digicode.fr\/index.php\/politique-de-confidentialite\/","title":{"rendered":"Politique de confidentialit\u00e9"},"content":{"rendered":"\n<h2 class=\"wp-block-heading\">Qui sommes-nous&nbsp;?<\/h2>\n\n\n\n<p><strong class=\"privacy-policy-tutorial\"> <\/strong>L\u2019adresse de notre site est\u00a0: http:\/\/digicode.fr.<\/p>\n\n\n\n<p>La pr\u00e9sente politique de confidentialit\u00e9 (&nbsp;\u00bb Politique \u00ab&nbsp;) s\u2019applique au traitement des donn\u00e9es personnelles recueillies aupr\u00e8s des utilisateurs de nos sites Internet (&nbsp;\u00bb vous \u00ab&nbsp;) ou que vous nous fournissez, CDVI France.<\/p>\n\n\n\n<p>Aux fins du r\u00e8glement g\u00e9n\u00e9ral sur la protection des donn\u00e9es de 2016 (&nbsp;\u00bb le RGPD \u00ab&nbsp;, tel qu\u2019il peut \u00eatre modifi\u00e9 de temps \u00e0 autre), CDVI Benelux est un contr\u00f4leur de donn\u00e9es. Dans cette politique, les r\u00e9f\u00e9rences \u00e0 \u00ab&nbsp;nous&nbsp;\u00bb, \u00ab&nbsp;notre&nbsp;\u00bb ou \u00ab&nbsp;nos&nbsp;\u00bb font r\u00e9f\u00e9rence \u00e0 CDVI Benelux. Notre soci\u00e9t\u00e9 est enregistr\u00e9e en France sous le num\u00e9ro d\u2019entreprise SIRET 51960268400010 et est situ\u00e9e au 31 Avenue de G\u00e9n\u00e9ral Leclerc 93 500 Pantin.<\/p>\n\n\n\n<p>Nous nous engageons \u00e0 prot\u00e9ger et \u00e0 respecter votre vie priv\u00e9e. L\u2019objectif de cette politique est d\u2019expliquer comment nous collectons, utilisons et s\u00e9curisons les informations personnelles recueillies sur notre r\u00e9seau de sites web ou fournies directement par vous.<\/p>\n\n\n\n<h3 class=\"wp-block-heading\">D\u00e9finitions cl\u00e9s<\/h3>\n\n\n\n<p>Les informations personnellement identifiables (\u00ab&nbsp;IPI&nbsp;\u00bb) d\u00e9signent toute information relative \u00e0 une personne physique identifi\u00e9e ou identifiable, notamment le nom, les coordonn\u00e9es, le titre professionnel et l\u2019employeur d\u2019une personne. Aux fins du GRPD, l\u2019adresse de protocole Internet (\u00ab&nbsp;adresse IP&nbsp;\u00bb) d\u2019une personne peut \u00eatre consid\u00e9r\u00e9e comme une IPI.<\/p>\n\n\n\n<p>Les technologies de suivi sont des cookies, des balises web, des technologies de suivi ou d\u2019autres solutions technologiques ayant des fonctions similaires. Ces technologies peuvent inclure des cookies de premi\u00e8re partie (cookies se r\u00e9f\u00e9rant au domaine du site web visit\u00e9) et des cookies de tierce partie (cookies se r\u00e9f\u00e9rant \u00e0 un domaine autre que celui du site web visit\u00e9) plac\u00e9s par un site web autre que celui visit\u00e9), des objets locaux partag\u00e9s (commun\u00e9ment appel\u00e9s \u00ab&nbsp;Flash Cookies&nbsp;\u00bb), des cookies HTML 5 et des pixels de suivi (y compris les gifs transparents ou clairs).<\/p>\n\n\n\n<p>Utilisateur ou vous d\u00e9signe toute personne qui consulte ou interagit avec les sites Web, qu\u2019elle soit un client ou un client potentiel.<\/p>\n\n\n\n<h3 class=\"wp-block-heading\">Quelles sont les informations que nous recueillons et comment sont-elles recueillies ?<\/h3>\n\n\n\n<h4 class=\"wp-block-heading\">Informations d\u2019identification personnelle (PII)<\/h4>\n\n\n\n<p>Nous collectons et traitons les IPI qui se limitent aux informations n\u00e9cessaires pour atteindre un ou plusieurs objectifs commerciaux l\u00e9gitimes tels que d\u00e9crits dans la pr\u00e9sente politique. Les IPI peuvent inclure :<\/p>\n\n\n\n<ul class=\"wp-block-list\">\n<li>Des informations de base telles que votre nom, votre adresse, votre num\u00e9ro de t\u00e9l\u00e9phone ou votre adresse \u00e9lectronique.<\/li>\n\n\n\n<li>Les informations que vous fournissez en remplissant des formulaires sur l\u2019un des sites web de notre r\u00e9seau (\u00ab&nbsp;nos sites&nbsp;\u00bb).<\/li>\n\n\n\n<li>Nous pouvons \u00e9galement vous demander des informations lorsque vous signalez un probl\u00e8me sur nos sites.<\/li>\n\n\n\n<li>D\u00e9tails de toute correspondance dans le cas o\u00f9 vous nous contactez<\/li>\n\n\n\n<li>Des informations sur vos visites sur nos sites et les ressources que vous consultez<\/li>\n\n\n\n<li>Sauf lorsque vous nous fournissez vos DPI conform\u00e9ment \u00e0 ce qui pr\u00e9c\u00e8de, nous ne les collecterons ni ne les conserverons sans vous les demander au pr\u00e9alable.<\/li>\n<\/ul>\n\n\n\n<h4 class=\"wp-block-heading\">Informations que nous obtenons indirectement<\/h4>\n\n\n\n<p>Nous pouvons recueillir des informations sur votre appareil, y compris, le cas \u00e9ch\u00e9ant, votre adresse IP, votre syst\u00e8me d\u2019exploitation et votre type de navigateur.<br>Donn\u00e9es analytiques, comportementales et de journal. Nous pouvons recueillir certaines informations sur votre utilisation de nos sites, telles que des informations sur votre visite et votre interaction avec notre contenu.<\/p>\n\n\n\n<h4 class=\"wp-block-heading\"><strong>Cookies<\/strong><\/h4>\n\n\n\n<p>L\u2019une des fa\u00e7ons dont nous recueillons ces informations est par le biais de technologies de suivi telles que les cookies. Les cookies sont de petits fichiers texte contenant des informations qui sont stock\u00e9s sur votre appareil. Ils nous aident \u00e0 am\u00e9liorer notre site et \u00e0 fournir un service meilleur et plus personnalis\u00e9. Ils nous permettent de :<\/p>\n\n\n\n<ul class=\"wp-block-list\">\n<li>Estimer la taille de notre public et ses habitudes d\u2019utilisation<\/li>\n\n\n\n<li>Stocker des informations sur vos pr\u00e9f\u00e9rences afin d\u2019adapter notre site \u00e0 vos int\u00e9r\u00eats personnels.<\/li>\n\n\n\n<li>Acc\u00e9l\u00e9rer vos recherches<\/li>\n\n\n\n<li>Vous reconna\u00eetre lorsque vous revenez sur notre site<\/li>\n<\/ul>\n\n\n\n<p>Nous vous demandons votre consentement \u00e0 l\u2019utilisation de cookies lors de votre premi\u00e8re visite sur notre site (ou \u00e0 des occasions ult\u00e9rieures si le cookie enregistrant ce consentement est supprim\u00e9). Toutefois, il se peut que vous ne puissiez pas utiliser toutes les fonctions interactives de notre site si vous ne donnez pas votre consentement.<br>La plupart des navigateurs web permettent aux utilisateurs de contr\u00f4ler les cookies qui sont trait\u00e9s en ajustant leurs param\u00e8tres int\u00e9gr\u00e9s. Pour savoir comment modifier ces param\u00e8tres, recherchez la fonction \u00ab&nbsp;aide&nbsp;\u00bb du navigateur ou contactez le fournisseur du navigateur. Toutefois, il se peut que vous ne puissiez pas utiliser toutes les fonctions interactives de notre site si les cookies sont d\u00e9sactiv\u00e9s.<\/p>\n\n\n\n<h4 class=\"wp-block-heading\">Autres informations<\/h4>\n\n\n\n<p>Notre site peut de temps \u00e0 autre contenir des liens vers et depuis les sites web de nos r\u00e9seaux de partenaires et affili\u00e9s. Si vous suivez un lien vers l\u2019un de ces sites web, veuillez noter que ces sites ont leurs propres politiques de confidentialit\u00e9 et que nous n\u2019acceptons aucune responsabilit\u00e9 \u00e0 leur \u00e9gard. Veuillez v\u00e9rifier ces politiques avant de fournir toute information personnelle \u00e0 ces sites web.<\/p>\n\n\n\n<h3 class=\"wp-block-heading\">Comment vos informations sont-elles utilis\u00e9es ?<\/h3>\n\n\n\n<p>Nous utilisons les informations que nous recueillons \u00e0 votre sujet pour :<\/p>\n\n\n\n<ul class=\"wp-block-list\">\n<li>Vous fournir des produits, des services, des publications et des informations que vous demandez, que vous consultez ou qui pourraient vous int\u00e9resser.<\/li>\n\n\n\n<li>Fournir ou afficher un contenu qui correspond \u00e0 vos int\u00e9r\u00eats et responsabilit\u00e9s professionnels.<\/li>\n\n\n\n<li>Vous contacter pour vous fournir des informations sur nos produits et services, ainsi que des invitations \u00e0 y participer, en fonction de vos int\u00e9r\u00eats commerciaux et de vos responsabilit\u00e9s.<\/li>\n\n\n\n<li>Communiquer avec nous, faire de la publicit\u00e9 pour nous ou vous inviter \u00e0 nous rejoindre sur les plateformes de m\u00e9dias sociaux auxquelles vous participez. Dans ce cas, les politiques de confidentialit\u00e9 et les autres conditions g\u00e9n\u00e9rales de ces plateformes de m\u00e9dias sociaux s\u2019appliqueront aux communications entre nous et vous sur celles-ci.<\/li>\n<\/ul>\n\n\n\n<p>Nous pouvons analyser indirectement les informations recueillies aupr\u00e8s de vous afin de :<\/p>\n\n\n\n<ul class=\"wp-block-list\">\n<li>Nous aider \u00e0 reconna\u00eetre votre ordinateur en tant que visiteur pr\u00e9c\u00e9dent et \u00e0 stocker\/m\u00e9moriser les pr\u00e9f\u00e9rences que vous avez pu avoir en visitant l\u2019un de nos sites.<\/li>\n\n\n\n<li>Nous aider \u00e0 personnaliser le contenu que vous voyez lorsque vous visitez nos sites et \u00e9ventuellement d\u2019autres sites web.<\/li>\n\n\n\n<li>Nous aider \u00e0 am\u00e9liorer notre contenu et nos sites identifier les tendances, les statistiques et les mesures qui peuvent contribuer \u00e0 am\u00e9liorer nos services<\/li>\n\n\n\n<li>Identifier les sensibilit\u00e9s du march\u00e9 et l\u2019int\u00e9r\u00eat relatif du march\u00e9 pour des cat\u00e9gories de produits sp\u00e9cifiques.<\/li>\n\n\n\n<li>Nous pouvons \u00e9galement utiliser les informations que nous recueillons pour vous envoyer des questionnaires de satisfaction, des enqu\u00eates et des informations commerciales.<\/li>\n<\/ul>\n\n\n\n<h3 class=\"wp-block-heading\">Pourquoi recueillons-nous vos informations ?<\/h3>\n\n\n\n<p>Nous recueillons des informations sur vous afin d\u2019am\u00e9liorer notre relation commerciale avec vous et de vous offrir des possibilit\u00e9s d\u2019obtenir nos produits et services en fonction de vos int\u00e9r\u00eats commerciaux. La collecte de ces informations nous permet d\u2019adapter nos produits et services \u00e0 vos besoins et de communiquer plus efficacement avec vous. Nous sommes conscients que nombre de nos clients utilisent diff\u00e9rents canaux m\u00e9diatiques et, par cons\u00e9quent, nous pouvons \u00e9galement vous fournir un m\u00e9canisme qui vous permet d\u2019exprimer vos pr\u00e9f\u00e9rences sur la mani\u00e8re dont vous souhaitez que nous communiquions avec vous. Enfin, la collecte de vos informations permet \u00e0 notre entreprise de fonctionner plus efficacement.<\/p>\n\n\n\n<h3 class=\"wp-block-heading\">Quelle est la base juridique du traitement des IPI ?<\/h3>\n\n\n\n<p>Selon la nature de la relation et l\u2019objectif poursuivi dans chaque cas, nous nous appuyons sur le consentement, un contrat et des int\u00e9r\u00eats commerciaux l\u00e9gitimes pour traiter les IIP. Par exemple, nous pouvons traiter les IIP avec le consentement d\u2019un Utilisateur lorsqu\u2019il accepte que nous placions des cookies sur son appareil ou que nous traitions les informations qu\u2019il saisit dans un formulaire sur l\u2019un de nos sites.<br>Il est dans notre int\u00e9r\u00eat, en tant qu\u2019entreprise, d\u2019am\u00e9liorer les services que nous fournissons, ce qui peut impliquer le traitement de vos informations pour nous permettre de :<\/p>\n\n\n\n<ul class=\"wp-block-list\">\n<li>Pour r\u00e9pondre aux questions des utilisateurs et satisfaire leurs demandes<\/li>\n\n\n\n<li>Envoyer aux clients ou aux clients potentiels des informations et des offres marketing pertinentes<\/li>\n\n\n\n<li>Transactions compl\u00e8tes<\/li>\n\n\n\n<li>Fournir un service \u00e0 la client\u00e8le<\/li>\n\n\n\n<li>Envoyer des informations administratives<\/li>\n\n\n\n<li>Personnaliser les exp\u00e9riences des utilisateurs sur nos sites<\/li>\n\n\n\n<li>Le faire lorsque la loi nous y oblige<\/li>\n<\/ul>\n\n\n\n<p>Nous pouvons \u00e9galement traiter les IPI lorsque cela est dans notre int\u00e9r\u00eat ou celui d\u2019un utilisateur et que ces int\u00e9r\u00eats ne l\u2019emportent pas sur les droits individuels de protection des donn\u00e9es. Ces int\u00e9r\u00eats l\u00e9gitimes comprennent la fourniture de services pour nous permettre d\u2019offrir aux utilisateurs de nos sites un contenu plus pertinent.<\/p>\n\n\n\n<h3 class=\"wp-block-heading\">Avec qui partageons-nous vos informations ?<\/h3>\n\n\n\n<p>Nous pouvons divulguer vos IPI \u00e0 toute soci\u00e9t\u00e9 de notre groupe, c\u2019est-\u00e0-dire \u00e0 nos filiales ou \u00e0 notre soci\u00e9t\u00e9 holding ultime et \u00e0 ses filiales.<br>Nous ne partageons vos IIP qu\u2019avec des tiers :<\/p>\n\n\n\n<ul class=\"wp-block-list\">\n<li>Si nous sommes tenus de divulguer ou de partager vos IPI pour nous conformer \u00e0 une obligation l\u00e9gale.<\/li>\n\n\n\n<li>Lorsqu\u2019ils sont engag\u00e9s par nous ou pour notre compte, y compris Google Analytics que nous utilisons pour collecter des statistiques sur certaines parties de notre site. Ces soci\u00e9t\u00e9s \u2013 nos fournisseurs \u2013 sont contractuellement tenues d\u2019utiliser les informations personnelles que nous partageons avec elles uniquement pour ex\u00e9cuter les services pour lesquels nous les avons engag\u00e9es.<\/li>\n\n\n\n<li>Pour prot\u00e9ger les droits, la propri\u00e9t\u00e9 ou la s\u00e9curit\u00e9 de CDVI Benelux, de nos clients ou d\u2019autres personnes.<\/li>\n<\/ul>\n\n\n\n<h3 class=\"wp-block-heading\">Conservation des donn\u00e9es<\/h3>\n\n\n\n<p>Nous conserverons les DPI que vous nous fournissez aussi longtemps que vous resterez notre client ou aussi longtemps que n\u00e9cessaire pour vous fournir des produits et services.<br>Nous ne conserverons jamais vos DPI plus longtemps que n\u00e9cessaire aux fins pour lesquelles elles ont \u00e9t\u00e9 recueillies \u00e0 l\u2019origine.<br>Nous pouvons conserver vos IPI apr\u00e8s que vous ayez mis fin \u00e0 un contrat avec nous si cela est raisonnablement n\u00e9cessaire pour nous conformer \u00e0 nos obligations l\u00e9gales, respecter les exigences l\u00e9gales, pr\u00e9venir la fraude et les abus ou faire appliquer la pr\u00e9sente politique et nos conditions d\u2019utilisation. Nous pouvons \u00e9galement conserver les IPI pendant une p\u00e9riode limit\u00e9e si les forces de l\u2019ordre le demandent.<\/p>\n\n\n\n<p>Si vous souhaitez obtenir de plus amples informations sur la dur\u00e9e de conservation de vos donn\u00e9es, veuillez envoyer un courriel \u00e0 marketing@cdvibenelux.com.<\/p>\n\n\n\n<h3 class=\"wp-block-heading\">Comment stockons-nous et s\u00e9curisons-nous vos donn\u00e9es ?<\/h3>\n\n\n\n<p>Nous prenons tr\u00e8s au s\u00e9rieux la s\u00e9curit\u00e9 des donn\u00e9es que nous collectons. Nous avons mis en place des mesures techniques, organisationnelles et administratives g\u00e9n\u00e9ralement accept\u00e9es pour prot\u00e9ger les DPI en notre possession et celles des tiers agissant en notre nom.<\/p>\n\n\n\n<p>En fournissant vos DPI, vous acceptez que nous les conservions ou les traitions. Nous prendrons toutes les mesures raisonnablement n\u00e9cessaires pour garantir que vos informations sont trait\u00e9es en toute s\u00e9curit\u00e9 et conform\u00e9ment \u00e0 la pr\u00e9sente politique.<\/p>\n\n\n\n<p>Malheureusement, la transmission d\u2019informations sur l\u2019internet n\u2019est pas totalement s\u00e9curis\u00e9e. Bien que nous fassions de notre mieux pour prot\u00e9ger vos IIP, nous ne pouvons pas garantir la s\u00e9curit\u00e9 de vos informations transmises \u00e0 notre site ; toute transmission se fait \u00e0 vos propres risques. Une fois que nous avons re\u00e7u vos informations, nous utilisons des proc\u00e9dures strictes et des dispositifs de s\u00e9curit\u00e9 pour emp\u00eacher tout acc\u00e8s non autoris\u00e9.<\/p>\n\n\n\n<h3 class=\"wp-block-heading\">Acc\u00e8s \u00e0 l\u2019information, retrait et droits \u00e0 la vie priv\u00e9e<\/h3>\n\n\n\n<p>Vous avez le droit d\u2019acc\u00e9der, de rectifier, d\u2019effacer, de restreindre, de transf\u00e9rer ou de vous opposer \u00e0 l\u2019utilisation de vos informations. Si vous souhaitez exercer l\u2019un de ces droits ou si vous avez des questions sur cette politique ou sur la mani\u00e8re dont nous utilisons vos informations, veuillez nous contacter \u00e0 l\u2019adresse marketing@cdvi.com.<\/p>\n\n\n\n<p>Vous pouvez modifier ou mettre \u00e0 jour les informations que nous d\u00e9tenons \u00e0 votre sujet \u00e0 tout moment et aussi souvent que n\u00e9cessaire. En premier lieu, vous devez demander une copie des informations que nous d\u00e9tenons \u00e0 votre sujet en envoyant un courriel \u00e0 marketing@cdvi.com. Nous r\u00e9pondrons \u00e0 toutes ces demandes sans retard excessif et conform\u00e9ment aux dispositions du GRPD.<\/p>\n\n\n\n<p>Si vous estimez que nous n\u2019avons pas r\u00e9pondu \u00e0 votre plainte de mani\u00e8re ad\u00e9quate ou en temps voulu, veuillez contacter notre directeur g\u00e9n\u00e9ral \u00e0 l\u2019adresse info@cdvi.com ou le bureau du commissaire \u00e0 l\u2019information.<\/p>\n\n\n\n<h3 class=\"wp-block-heading\">Modifications de la pr\u00e9sente politique de confidentialit\u00e9<\/h3>\n\n\n\n<p>CDVI France se r\u00e9serve le droit d\u2019amender ou de modifier cette politique de temps \u00e0 autre. Nous ne diminuerons pas vos droits en vertu de cette politique sans votre consentement. Si nous modifions notre politique, nous publierons ces modifications sur cette page, en plus de la mise \u00e0 jour de la date de \u00ab&nbsp;Derni\u00e8re mise \u00e0 jour&nbsp;\u00bb au bas de cette politique. Pour ces raisons, nous vous encourageons \u00e0 lire r\u00e9guli\u00e8rement cette politique.<\/p>\n\n\n\n<p>Si vous continuez \u00e0 utiliser le site Web ou \u00e0 acc\u00e9der \u00e0 tout contenu publi\u00e9 sur le site Web, vous acceptez la politique modifi\u00e9e. Si des modifications sont apport\u00e9es \u00e0 l\u2019utilisation de vos IPI d\u2019une mani\u00e8re mat\u00e9riellement diff\u00e9rente de celle indiqu\u00e9e au moment de la collecte, nous vous en informerons en publiant un avis sur notre site. Si vous vous opposez \u00e0 l\u2019une de ces modifications ou \u00e0 la politique g\u00e9n\u00e9rale, veuillez nous contacter \u00e0 l\u2019adresse info@cdvi.com<\/p>\n","protected":false},"excerpt":{"rendered":"<p>Qui sommes-nous&nbsp;? L\u2019adresse de notre site est\u00a0: http:\/\/digicode.fr. La pr\u00e9sente politique de confidentialit\u00e9 (&nbsp;\u00bb Politique \u00ab&nbsp;) s\u2019applique au traitement des donn\u00e9es personnelles recueillies aupr\u00e8s des utilisateurs de nos sites Internet (&nbsp;\u00bb vous \u00ab&nbsp;) ou que vous nous fournissez, CDVI France. Aux fins du r\u00e8glement g\u00e9n\u00e9ral sur la protection des donn\u00e9es de 2016 (&nbsp;\u00bb le RGPD [&hellip;]<\/p>\n","protected":false},"author":1,"featured_media":0,"parent":0,"menu_order":0,"comment_status":"closed","ping_status":"open","template":"","meta":{"footnotes":""},"class_list":["post-3","page","type-page","status-publish","hentry","post"],"yoast_head":"<!-- This site is optimized with the Yoast SEO plugin v23.0 - https:\/\/yoast.com\/wordpress\/plugins\/seo\/ -->\n<title>Politique de confidentialit\u00e9 - Digicode<\/title>\n<meta name=\"robots\" content=\"index, follow, max-snippet:-1, max-image-preview:large, max-video-preview:-1\" \/>\n<link rel=\"canonical\" href=\"https:\/\/digicode.fr\/index.php\/politique-de-confidentialite\/\" \/>\n<meta property=\"og:locale\" content=\"en_US\" \/>\n<meta property=\"og:type\" content=\"article\" \/>\n<meta property=\"og:title\" content=\"Politique de confidentialit\u00e9 - Digicode\" \/>\n<meta property=\"og:description\" content=\"Qui sommes-nous&nbsp;? L\u2019adresse de notre site est\u00a0: http:\/\/digicode.fr. La pr\u00e9sente politique de confidentialit\u00e9 (&nbsp;\u00bb Politique \u00ab&nbsp;) s\u2019applique au traitement des donn\u00e9es personnelles recueillies aupr\u00e8s des utilisateurs de nos sites Internet (&nbsp;\u00bb vous \u00ab&nbsp;) ou que vous nous fournissez, CDVI France. Aux fins du r\u00e8glement g\u00e9n\u00e9ral sur la protection des donn\u00e9es de 2016 (&nbsp;\u00bb le RGPD [&hellip;]\" \/>\n<meta property=\"og:url\" content=\"https:\/\/digicode.fr\/index.php\/politique-de-confidentialite\/\" \/>\n<meta property=\"og:site_name\" content=\"Digicode\" \/>\n<meta property=\"article:modified_time\" content=\"2023-04-19T12:44:11+00:00\" \/>\n<meta name=\"twitter:card\" content=\"summary_large_image\" \/>\n<meta name=\"twitter:label1\" content=\"Est. reading time\" \/>\n\t<meta name=\"twitter:data1\" content=\"11 minutes\" \/>\n<script type=\"application\/ld+json\" class=\"yoast-schema-graph\">{\"@context\":\"https:\/\/schema.org\",\"@graph\":[{\"@type\":\"WebPage\",\"@id\":\"https:\/\/digicode.fr\/index.php\/politique-de-confidentialite\/\",\"url\":\"https:\/\/digicode.fr\/index.php\/politique-de-confidentialite\/\",\"name\":\"Politique de confidentialit\u00e9 - Digicode\",\"isPartOf\":{\"@id\":\"https:\/\/digicode.fr\/#website\"},\"datePublished\":\"2023-04-05T10:46:22+00:00\",\"dateModified\":\"2023-04-19T12:44:11+00:00\",\"breadcrumb\":{\"@id\":\"https:\/\/digicode.fr\/index.php\/politique-de-confidentialite\/#breadcrumb\"},\"inLanguage\":\"en-US\",\"potentialAction\":[{\"@type\":\"ReadAction\",\"target\":[\"https:\/\/digicode.fr\/index.php\/politique-de-confidentialite\/\"]}]},{\"@type\":\"BreadcrumbList\",\"@id\":\"https:\/\/digicode.fr\/index.php\/politique-de-confidentialite\/#breadcrumb\",\"itemListElement\":[{\"@type\":\"ListItem\",\"position\":1,\"name\":\"Digicode\",\"item\":\"https:\/\/digicode.fr\/\"},{\"@type\":\"ListItem\",\"position\":2,\"name\":\"Politique de confidentialit\u00e9\"}]},{\"@type\":\"WebSite\",\"@id\":\"https:\/\/digicode.fr\/#website\",\"url\":\"https:\/\/digicode.fr\/\",\"name\":\"Digicode\",\"description\":\"Digicode une marque CDVI\",\"publisher\":{\"@id\":\"https:\/\/digicode.fr\/#organization\"},\"potentialAction\":[{\"@type\":\"SearchAction\",\"target\":{\"@type\":\"EntryPoint\",\"urlTemplate\":\"https:\/\/digicode.fr\/?s={search_term_string}\"},\"query-input\":\"required name=search_term_string\"}],\"inLanguage\":\"en-US\"},{\"@type\":\"Organization\",\"@id\":\"https:\/\/digicode.fr\/#organization\",\"name\":\"Digicode\",\"url\":\"https:\/\/digicode.fr\/\",\"logo\":{\"@type\":\"ImageObject\",\"inLanguage\":\"en-US\",\"@id\":\"https:\/\/digicode.fr\/#\/schema\/logo\/image\/\",\"url\":\"https:\/\/digicode.fr\/wp-content\/uploads\/2023\/04\/CDVIDigicode.fr_.png\",\"contentUrl\":\"https:\/\/digicode.fr\/wp-content\/uploads\/2023\/04\/CDVIDigicode.fr_.png\",\"width\":1200,\"height\":225,\"caption\":\"Digicode\"},\"image\":{\"@id\":\"https:\/\/digicode.fr\/#\/schema\/logo\/image\/\"}}]}<\/script>\n<!-- \/ Yoast SEO plugin. -->","yoast_head_json":{"title":"Politique de confidentialit\u00e9 - Digicode","robots":{"index":"index","follow":"follow","max-snippet":"max-snippet:-1","max-image-preview":"max-image-preview:large","max-video-preview":"max-video-preview:-1"},"canonical":"https:\/\/digicode.fr\/index.php\/politique-de-confidentialite\/","og_locale":"en_US","og_type":"article","og_title":"Politique de confidentialit\u00e9 - Digicode","og_description":"Qui sommes-nous&nbsp;? L\u2019adresse de notre site est\u00a0: http:\/\/digicode.fr. La pr\u00e9sente politique de confidentialit\u00e9 (&nbsp;\u00bb Politique \u00ab&nbsp;) s\u2019applique au traitement des donn\u00e9es personnelles recueillies aupr\u00e8s des utilisateurs de nos sites Internet (&nbsp;\u00bb vous \u00ab&nbsp;) ou que vous nous fournissez, CDVI France. Aux fins du r\u00e8glement g\u00e9n\u00e9ral sur la protection des donn\u00e9es de 2016 (&nbsp;\u00bb le RGPD [&hellip;]","og_url":"https:\/\/digicode.fr\/index.php\/politique-de-confidentialite\/","og_site_name":"Digicode","article_modified_time":"2023-04-19T12:44:11+00:00","twitter_card":"summary_large_image","twitter_misc":{"Est. reading time":"11 minutes"},"schema":{"@context":"https:\/\/schema.org","@graph":[{"@type":"WebPage","@id":"https:\/\/digicode.fr\/index.php\/politique-de-confidentialite\/","url":"https:\/\/digicode.fr\/index.php\/politique-de-confidentialite\/","name":"Politique de confidentialit\u00e9 - Digicode","isPartOf":{"@id":"https:\/\/digicode.fr\/#website"},"datePublished":"2023-04-05T10:46:22+00:00","dateModified":"2023-04-19T12:44:11+00:00","breadcrumb":{"@id":"https:\/\/digicode.fr\/index.php\/politique-de-confidentialite\/#breadcrumb"},"inLanguage":"en-US","potentialAction":[{"@type":"ReadAction","target":["https:\/\/digicode.fr\/index.php\/politique-de-confidentialite\/"]}]},{"@type":"BreadcrumbList","@id":"https:\/\/digicode.fr\/index.php\/politique-de-confidentialite\/#breadcrumb","itemListElement":[{"@type":"ListItem","position":1,"name":"Digicode","item":"https:\/\/digicode.fr\/"},{"@type":"ListItem","position":2,"name":"Politique de confidentialit\u00e9"}]},{"@type":"WebSite","@id":"https:\/\/digicode.fr\/#website","url":"https:\/\/digicode.fr\/","name":"Digicode","description":"Digicode une marque CDVI","publisher":{"@id":"https:\/\/digicode.fr\/#organization"},"potentialAction":[{"@type":"SearchAction","target":{"@type":"EntryPoint","urlTemplate":"https:\/\/digicode.fr\/?s={search_term_string}"},"query-input":"required name=search_term_string"}],"inLanguage":"en-US"},{"@type":"Organization","@id":"https:\/\/digicode.fr\/#organization","name":"Digicode","url":"https:\/\/digicode.fr\/","logo":{"@type":"ImageObject","inLanguage":"en-US","@id":"https:\/\/digicode.fr\/#\/schema\/logo\/image\/","url":"https:\/\/digicode.fr\/wp-content\/uploads\/2023\/04\/CDVIDigicode.fr_.png","contentUrl":"https:\/\/digicode.fr\/wp-content\/uploads\/2023\/04\/CDVIDigicode.fr_.png","width":1200,"height":225,"caption":"Digicode"},"image":{"@id":"https:\/\/digicode.fr\/#\/schema\/logo\/image\/"}}]}},"_links":{"self":[{"href":"https:\/\/digicode.fr\/index.php\/wp-json\/wp\/v2\/pages\/3","targetHints":{"allow":["GET"]}}],"collection":[{"href":"https:\/\/digicode.fr\/index.php\/wp-json\/wp\/v2\/pages"}],"about":[{"href":"https:\/\/digicode.fr\/index.php\/wp-json\/wp\/v2\/types\/page"}],"author":[{"embeddable":true,"href":"https:\/\/digicode.fr\/index.php\/wp-json\/wp\/v2\/users\/1"}],"replies":[{"embeddable":true,"href":"https:\/\/digicode.fr\/index.php\/wp-json\/wp\/v2\/comments?post=3"}],"version-history":[{"count":1,"href":"https:\/\/digicode.fr\/index.php\/wp-json\/wp\/v2\/pages\/3\/revisions"}],"predecessor-version":[{"id":724,"href":"https:\/\/digicode.fr\/index.php\/wp-json\/wp\/v2\/pages\/3\/revisions\/724"}],"wp:attachment":[{"href":"https:\/\/digicode.fr\/index.php\/wp-json\/wp\/v2\/media?parent=3"}],"curies":[{"name":"wp","href":"https:\/\/api.w.org\/{rel}","templated":true}]}}