{"id":451,"date":"2023-04-14T08:46:03","date_gmt":"2023-04-14T06:46:03","guid":{"rendered":"http:\/\/digicode.fr\/?page_id=451"},"modified":"2023-04-17T11:43:27","modified_gmt":"2023-04-17T09:43:27","slug":"bpnonfe","status":"publish","type":"page","link":"https:\/\/digicode.fr\/index.php\/bpnonfe\/","title":{"rendered":"BPNONFE"},"content":{"rendered":"\t\t<div data-elementor-type=\"wp-page\" data-elementor-id=\"451\" class=\"elementor elementor-451\">\n\t\t\t\t\t\t<section class=\"elementor-section elementor-top-section elementor-element elementor-element-4ab24e6 elementor-section-boxed elementor-section-height-default elementor-section-height-default\" data-id=\"4ab24e6\" data-element_type=\"section\">\n\t\t\t\t\t\t<div class=\"elementor-container elementor-column-gap-default\">\n\t\t\t\t\t<div class=\"elementor-column elementor-col-100 elementor-top-column elementor-element elementor-element-724a393\" data-id=\"724a393\" data-element_type=\"column\">\n\t\t\t<div class=\"elementor-widget-wrap elementor-element-populated\">\n\t\t\t\t\t\t<div class=\"elementor-element elementor-element-7c9e33e elementor-widget elementor-widget-image\" data-id=\"7c9e33e\" data-element_type=\"widget\" data-widget_type=\"image.default\">\n\t\t\t\t<div class=\"elementor-widget-container\">\n\t\t\t<style>\/*! elementor - v3.22.0 - 26-06-2024 *\/\n.elementor-widget-image{text-align:center}.elementor-widget-image a{display:inline-block}.elementor-widget-image a img[src$=\".svg\"]{width:48px}.elementor-widget-image img{vertical-align:middle;display:inline-block}<\/style>\t\t\t\t\t\t\t\t\t\t<img fetchpriority=\"high\" decoding=\"async\" width=\"300\" height=\"200\" src=\"https:\/\/digicode.fr\/wp-content\/uploads\/2023\/04\/BPNONFE_1-300x200.png\" class=\"elementor-animation-grow attachment-medium size-medium wp-image-520\" alt=\"Bouton Poussoir Digicode\u00ae BPNONFE par CDVI\" srcset=\"https:\/\/digicode.fr\/wp-content\/uploads\/2023\/04\/BPNONFE_1-300x200.png 300w, https:\/\/digicode.fr\/wp-content\/uploads\/2023\/04\/BPNONFE_1-1024x683.png 1024w, https:\/\/digicode.fr\/wp-content\/uploads\/2023\/04\/BPNONFE_1-768x512.png 768w, https:\/\/digicode.fr\/wp-content\/uploads\/2023\/04\/BPNONFE_1-1536x1024.png 1536w, https:\/\/digicode.fr\/wp-content\/uploads\/2023\/04\/BPNONFE_1-2048x1365.png 2048w, https:\/\/digicode.fr\/wp-content\/uploads\/2023\/04\/BPNONFE_1-272x182.png 272w\" sizes=\"(max-width: 300px) 100vw, 300px\" \/>\t\t\t\t\t\t\t\t\t\t\t\t\t<\/div>\n\t\t\t\t<\/div>\n\t\t\t\t\t<\/div>\n\t\t<\/div>\n\t\t\t\t\t<\/div>\n\t\t<\/section>\n\t\t\t\t<section class=\"elementor-section elementor-top-section elementor-element elementor-element-c9f32c4 elementor-section-boxed elementor-section-height-default elementor-section-height-default\" data-id=\"c9f32c4\" data-element_type=\"section\">\n\t\t\t\t\t\t<div class=\"elementor-container elementor-column-gap-default\">\n\t\t\t\t\t<div class=\"elementor-column elementor-col-100 elementor-top-column elementor-element elementor-element-4cb27d7\" data-id=\"4cb27d7\" data-element_type=\"column\">\n\t\t\t<div class=\"elementor-widget-wrap elementor-element-populated\">\n\t\t\t\t\t\t<div class=\"elementor-element elementor-element-806de1e elementor-widget elementor-widget-text-editor\" data-id=\"806de1e\" data-element_type=\"widget\" data-widget_type=\"text-editor.default\">\n\t\t\t\t<div class=\"elementor-widget-container\">\n\t\t\t<style>\/*! elementor - v3.22.0 - 26-06-2024 *\/\n.elementor-widget-text-editor.elementor-drop-cap-view-stacked .elementor-drop-cap{background-color:#69727d;color:#fff}.elementor-widget-text-editor.elementor-drop-cap-view-framed .elementor-drop-cap{color:#69727d;border:3px solid;background-color:transparent}.elementor-widget-text-editor:not(.elementor-drop-cap-view-default) .elementor-drop-cap{margin-top:8px}.elementor-widget-text-editor:not(.elementor-drop-cap-view-default) .elementor-drop-cap-letter{width:1em;height:1em}.elementor-widget-text-editor .elementor-drop-cap{float:left;text-align:center;line-height:1;font-size:50px}.elementor-widget-text-editor .elementor-drop-cap-letter{display:inline-block}<\/style>\t\t\t\t<p>Le <strong>BPNONFE<\/strong> est un<strong> bouton poussoir<\/strong> rond en m\u00e9tal par <strong>CDVI<\/strong>. Il est pr\u00e9c\u00e2bl\u00e9 et<strong> \u00e9clair\u00e9 en bleu<\/strong>, pour <strong>montage encastr\u00e9<\/strong>, avec contact s\u00e9par\u00e9 NO et NF et <strong>plaque frontale en acier inoxydable<\/strong>.<\/p>\t\t\t\t\t\t<\/div>\n\t\t\t\t<\/div>\n\t\t\t\t\t<\/div>\n\t\t<\/div>\n\t\t\t\t\t<\/div>\n\t\t<\/section>\n\t\t\t\t<section class=\"elementor-section elementor-top-section elementor-element elementor-element-e611bcb elementor-section-boxed elementor-section-height-default elementor-section-height-default\" data-id=\"e611bcb\" data-element_type=\"section\">\n\t\t\t\t\t\t<div class=\"elementor-container elementor-column-gap-default\">\n\t\t\t\t\t<div class=\"elementor-column elementor-col-50 elementor-top-column elementor-element elementor-element-1e97eaf\" data-id=\"1e97eaf\" data-element_type=\"column\">\n\t\t\t<div class=\"elementor-widget-wrap elementor-element-populated\">\n\t\t\t\t\t\t<div class=\"elementor-element elementor-element-a7735c8 elementor-widget elementor-widget-heading\" data-id=\"a7735c8\" data-element_type=\"widget\" data-widget_type=\"heading.default\">\n\t\t\t\t<div class=\"elementor-widget-container\">\n\t\t\t<style>\/*! elementor - v3.22.0 - 26-06-2024 *\/\n.elementor-heading-title{padding:0;margin:0;line-height:1}.elementor-widget-heading .elementor-heading-title[class*=elementor-size-]>a{color:inherit;font-size:inherit;line-height:inherit}.elementor-widget-heading .elementor-heading-title.elementor-size-small{font-size:15px}.elementor-widget-heading .elementor-heading-title.elementor-size-medium{font-size:19px}.elementor-widget-heading .elementor-heading-title.elementor-size-large{font-size:29px}.elementor-widget-heading .elementor-heading-title.elementor-size-xl{font-size:39px}.elementor-widget-heading .elementor-heading-title.elementor-size-xxl{font-size:59px}<\/style><h3 class=\"elementor-heading-title elementor-size-default\">Caract\u00e9ristiques techniques<\/h3>\t\t<\/div>\n\t\t\t\t<\/div>\n\t\t\t\t\t<\/div>\n\t\t<\/div>\n\t\t\t\t<div class=\"elementor-column elementor-col-50 elementor-top-column elementor-element elementor-element-504d94c\" data-id=\"504d94c\" data-element_type=\"column\">\n\t\t\t<div class=\"elementor-widget-wrap\">\n\t\t\t\t\t\t\t<\/div>\n\t\t<\/div>\n\t\t\t\t\t<\/div>\n\t\t<\/section>\n\t\t\t\t<section class=\"elementor-section elementor-top-section elementor-element elementor-element-8c37ad1 elementor-section-boxed elementor-section-height-default elementor-section-height-default\" data-id=\"8c37ad1\" data-element_type=\"section\">\n\t\t\t\t\t\t<div class=\"elementor-container elementor-column-gap-default\">\n\t\t\t\t\t<div class=\"elementor-column elementor-col-50 elementor-top-column elementor-element elementor-element-2a7337e\" data-id=\"2a7337e\" data-element_type=\"column\">\n\t\t\t<div class=\"elementor-widget-wrap elementor-element-populated\">\n\t\t\t\t\t\t<div class=\"elementor-element elementor-element-7ebb999 elementor-widget elementor-widget-text-editor\" data-id=\"7ebb999\" data-element_type=\"widget\" data-widget_type=\"text-editor.default\">\n\t\t\t\t<div class=\"elementor-widget-container\">\n\t\t\t\t\t\t\t<ul><li>Contact NO\/NF avec commun s\u00e9par\u00e9<\/li><li>Alimentation :\u00a0 12V DC<\/li><li>Dimensions : 38x80x31,7mm<\/li><\/ul>\t\t\t\t\t\t<\/div>\n\t\t\t\t<\/div>\n\t\t\t\t\t<\/div>\n\t\t<\/div>\n\t\t\t\t<div class=\"elementor-column elementor-col-50 elementor-top-column elementor-element elementor-element-3685a05\" data-id=\"3685a05\" data-element_type=\"column\">\n\t\t\t<div class=\"elementor-widget-wrap\">\n\t\t\t\t\t\t\t<\/div>\n\t\t<\/div>\n\t\t\t\t\t<\/div>\n\t\t<\/section>\n\t\t\t\t<section class=\"elementor-section elementor-top-section elementor-element elementor-element-ac438c5 elementor-section-boxed elementor-section-height-default elementor-section-height-default\" data-id=\"ac438c5\" data-element_type=\"section\">\n\t\t\t\t\t\t<div class=\"elementor-container elementor-column-gap-default\">\n\t\t\t\t\t<div class=\"elementor-column elementor-col-100 elementor-top-column elementor-element elementor-element-e8e7e88\" data-id=\"e8e7e88\" data-element_type=\"column\">\n\t\t\t<div class=\"elementor-widget-wrap elementor-element-populated\">\n\t\t\t\t\t\t<div class=\"elementor-element elementor-element-013440c elementor-align-center elementor-widget elementor-widget-button\" data-id=\"013440c\" data-element_type=\"widget\" data-widget_type=\"button.default\">\n\t\t\t\t<div class=\"elementor-widget-container\">\n\t\t\t\t\t<div class=\"elementor-button-wrapper\">\n\t\t\t<a class=\"elementor-button elementor-button-link elementor-size-lg elementor-animation-grow\" href=\"https:\/\/www.cdvi.fr\/fr\/nos-produits\/bpnonfe\/\">\n\t\t\t\t\t\t<span class=\"elementor-button-content-wrapper\">\n\t\t\t\t\t\t\t\t\t<span class=\"elementor-button-text\">Pour en savoir plus<\/span>\n\t\t\t\t\t<\/span>\n\t\t\t\t\t<\/a>\n\t\t<\/div>\n\t\t\t\t<\/div>\n\t\t\t\t<\/div>\n\t\t\t\t\t<\/div>\n\t\t<\/div>\n\t\t\t\t\t<\/div>\n\t\t<\/section>\n\t\t\t\t<\/div>\n\t\t","protected":false},"excerpt":{"rendered":"<p>Le BPNONFE est un bouton poussoir rond en m\u00e9tal par CDVI. Il est pr\u00e9c\u00e2bl\u00e9 et \u00e9clair\u00e9 en bleu, pour montage encastr\u00e9, avec contact s\u00e9par\u00e9 NO et NF et plaque frontale en acier inoxydable. Caract\u00e9ristiques techniques Contact NO\/NF avec commun s\u00e9par\u00e9 Alimentation :&nbsp; 12V DC Dimensions : 38x80x31,7mm Pour en savoir plus<\/p>\n","protected":false},"author":1,"featured_media":520,"parent":0,"menu_order":0,"comment_status":"closed","ping_status":"closed","template":"","meta":{"footnotes":""},"class_list":["post-451","page","type-page","status-publish","has-post-thumbnail","hentry","post","post-with-thumbnail","post-with-thumbnail-large"],"yoast_head":"<!-- This site is optimized with the Yoast SEO plugin v23.0 - https:\/\/yoast.com\/wordpress\/plugins\/seo\/ -->\n<title>BPNONFE - Digicode<\/title>\n<meta name=\"description\" content=\"Le BPNONFE est un bouton poussoir rond en m\u00e9tal par CDVI. Il est pr\u00e9c\u00e2bl\u00e9 et \u00e9clair\u00e9 en bleu, pour montage encastr\u00e9\" \/>\n<meta name=\"robots\" content=\"index, follow, max-snippet:-1, max-image-preview:large, max-video-preview:-1\" \/>\n<link rel=\"canonical\" href=\"https:\/\/digicode.fr\/index.php\/bpnonfe\/\" \/>\n<meta property=\"og:locale\" content=\"en_US\" \/>\n<meta property=\"og:type\" content=\"article\" \/>\n<meta property=\"og:title\" content=\"BPNONFE - Digicode\" \/>\n<meta property=\"og:description\" content=\"Le BPNONFE est un bouton poussoir rond en m\u00e9tal par CDVI. Il est pr\u00e9c\u00e2bl\u00e9 et \u00e9clair\u00e9 en bleu, pour montage encastr\u00e9\" \/>\n<meta property=\"og:url\" content=\"https:\/\/digicode.fr\/index.php\/bpnonfe\/\" \/>\n<meta property=\"og:site_name\" content=\"Digicode\" \/>\n<meta property=\"article:modified_time\" content=\"2023-04-17T09:43:27+00:00\" \/>\n<meta property=\"og:image\" content=\"https:\/\/digicode.fr\/wp-content\/uploads\/2023\/04\/BPNONFE_1-1024x683.png\" \/>\n\t<meta property=\"og:image:width\" content=\"1024\" \/>\n\t<meta property=\"og:image:height\" content=\"683\" \/>\n\t<meta property=\"og:image:type\" content=\"image\/png\" \/>\n<meta name=\"twitter:card\" content=\"summary_large_image\" \/>\n<meta name=\"twitter:label1\" content=\"Est. reading time\" \/>\n\t<meta name=\"twitter:data1\" content=\"1 minute\" \/>\n<script type=\"application\/ld+json\" class=\"yoast-schema-graph\">{\"@context\":\"https:\/\/schema.org\",\"@graph\":[{\"@type\":\"WebPage\",\"@id\":\"https:\/\/digicode.fr\/index.php\/bpnonfe\/\",\"url\":\"https:\/\/digicode.fr\/index.php\/bpnonfe\/\",\"name\":\"BPNONFE - Digicode\",\"isPartOf\":{\"@id\":\"https:\/\/digicode.fr\/#website\"},\"primaryImageOfPage\":{\"@id\":\"https:\/\/digicode.fr\/index.php\/bpnonfe\/#primaryimage\"},\"image\":{\"@id\":\"https:\/\/digicode.fr\/index.php\/bpnonfe\/#primaryimage\"},\"thumbnailUrl\":\"https:\/\/digicode.fr\/wp-content\/uploads\/2023\/04\/BPNONFE_1.png\",\"datePublished\":\"2023-04-14T06:46:03+00:00\",\"dateModified\":\"2023-04-17T09:43:27+00:00\",\"description\":\"Le BPNONFE est un bouton poussoir rond en m\u00e9tal par CDVI. Il est pr\u00e9c\u00e2bl\u00e9 et \u00e9clair\u00e9 en bleu, pour montage encastr\u00e9\",\"breadcrumb\":{\"@id\":\"https:\/\/digicode.fr\/index.php\/bpnonfe\/#breadcrumb\"},\"inLanguage\":\"en-US\",\"potentialAction\":[{\"@type\":\"ReadAction\",\"target\":[\"https:\/\/digicode.fr\/index.php\/bpnonfe\/\"]}]},{\"@type\":\"ImageObject\",\"inLanguage\":\"en-US\",\"@id\":\"https:\/\/digicode.fr\/index.php\/bpnonfe\/#primaryimage\",\"url\":\"https:\/\/digicode.fr\/wp-content\/uploads\/2023\/04\/BPNONFE_1.png\",\"contentUrl\":\"https:\/\/digicode.fr\/wp-content\/uploads\/2023\/04\/BPNONFE_1.png\",\"width\":3000,\"height\":2000,\"caption\":\"Bouton poussoir BNONFE par CDVI\"},{\"@type\":\"BreadcrumbList\",\"@id\":\"https:\/\/digicode.fr\/index.php\/bpnonfe\/#breadcrumb\",\"itemListElement\":[{\"@type\":\"ListItem\",\"position\":1,\"name\":\"Digicode\",\"item\":\"https:\/\/digicode.fr\/\"},{\"@type\":\"ListItem\",\"position\":2,\"name\":\"BPNONFE\"}]},{\"@type\":\"WebSite\",\"@id\":\"https:\/\/digicode.fr\/#website\",\"url\":\"https:\/\/digicode.fr\/\",\"name\":\"Digicode\",\"description\":\"Digicode une marque CDVI\",\"publisher\":{\"@id\":\"https:\/\/digicode.fr\/#organization\"},\"potentialAction\":[{\"@type\":\"SearchAction\",\"target\":{\"@type\":\"EntryPoint\",\"urlTemplate\":\"https:\/\/digicode.fr\/?s={search_term_string}\"},\"query-input\":\"required name=search_term_string\"}],\"inLanguage\":\"en-US\"},{\"@type\":\"Organization\",\"@id\":\"https:\/\/digicode.fr\/#organization\",\"name\":\"Digicode\",\"url\":\"https:\/\/digicode.fr\/\",\"logo\":{\"@type\":\"ImageObject\",\"inLanguage\":\"en-US\",\"@id\":\"https:\/\/digicode.fr\/#\/schema\/logo\/image\/\",\"url\":\"https:\/\/digicode.fr\/wp-content\/uploads\/2023\/04\/CDVIDigicode.fr_.png\",\"contentUrl\":\"https:\/\/digicode.fr\/wp-content\/uploads\/2023\/04\/CDVIDigicode.fr_.png\",\"width\":1200,\"height\":225,\"caption\":\"Digicode\"},\"image\":{\"@id\":\"https:\/\/digicode.fr\/#\/schema\/logo\/image\/\"}}]}<\/script>\n<!-- \/ Yoast SEO plugin. -->","yoast_head_json":{"title":"BPNONFE - Digicode","description":"Le BPNONFE est un bouton poussoir rond en m\u00e9tal par CDVI. Il est pr\u00e9c\u00e2bl\u00e9 et \u00e9clair\u00e9 en bleu, pour montage encastr\u00e9","robots":{"index":"index","follow":"follow","max-snippet":"max-snippet:-1","max-image-preview":"max-image-preview:large","max-video-preview":"max-video-preview:-1"},"canonical":"https:\/\/digicode.fr\/index.php\/bpnonfe\/","og_locale":"en_US","og_type":"article","og_title":"BPNONFE - Digicode","og_description":"Le BPNONFE est un bouton poussoir rond en m\u00e9tal par CDVI. Il est pr\u00e9c\u00e2bl\u00e9 et \u00e9clair\u00e9 en bleu, pour montage encastr\u00e9","og_url":"https:\/\/digicode.fr\/index.php\/bpnonfe\/","og_site_name":"Digicode","article_modified_time":"2023-04-17T09:43:27+00:00","og_image":[{"width":1024,"height":683,"url":"https:\/\/digicode.fr\/wp-content\/uploads\/2023\/04\/BPNONFE_1-1024x683.png","type":"image\/png"}],"twitter_card":"summary_large_image","twitter_misc":{"Est. reading time":"1 minute"},"schema":{"@context":"https:\/\/schema.org","@graph":[{"@type":"WebPage","@id":"https:\/\/digicode.fr\/index.php\/bpnonfe\/","url":"https:\/\/digicode.fr\/index.php\/bpnonfe\/","name":"BPNONFE - Digicode","isPartOf":{"@id":"https:\/\/digicode.fr\/#website"},"primaryImageOfPage":{"@id":"https:\/\/digicode.fr\/index.php\/bpnonfe\/#primaryimage"},"image":{"@id":"https:\/\/digicode.fr\/index.php\/bpnonfe\/#primaryimage"},"thumbnailUrl":"https:\/\/digicode.fr\/wp-content\/uploads\/2023\/04\/BPNONFE_1.png","datePublished":"2023-04-14T06:46:03+00:00","dateModified":"2023-04-17T09:43:27+00:00","description":"Le BPNONFE est un bouton poussoir rond en m\u00e9tal par CDVI. Il est pr\u00e9c\u00e2bl\u00e9 et \u00e9clair\u00e9 en bleu, pour montage encastr\u00e9","breadcrumb":{"@id":"https:\/\/digicode.fr\/index.php\/bpnonfe\/#breadcrumb"},"inLanguage":"en-US","potentialAction":[{"@type":"ReadAction","target":["https:\/\/digicode.fr\/index.php\/bpnonfe\/"]}]},{"@type":"ImageObject","inLanguage":"en-US","@id":"https:\/\/digicode.fr\/index.php\/bpnonfe\/#primaryimage","url":"https:\/\/digicode.fr\/wp-content\/uploads\/2023\/04\/BPNONFE_1.png","contentUrl":"https:\/\/digicode.fr\/wp-content\/uploads\/2023\/04\/BPNONFE_1.png","width":3000,"height":2000,"caption":"Bouton poussoir BNONFE par CDVI"},{"@type":"BreadcrumbList","@id":"https:\/\/digicode.fr\/index.php\/bpnonfe\/#breadcrumb","itemListElement":[{"@type":"ListItem","position":1,"name":"Digicode","item":"https:\/\/digicode.fr\/"},{"@type":"ListItem","position":2,"name":"BPNONFE"}]},{"@type":"WebSite","@id":"https:\/\/digicode.fr\/#website","url":"https:\/\/digicode.fr\/","name":"Digicode","description":"Digicode une marque CDVI","publisher":{"@id":"https:\/\/digicode.fr\/#organization"},"potentialAction":[{"@type":"SearchAction","target":{"@type":"EntryPoint","urlTemplate":"https:\/\/digicode.fr\/?s={search_term_string}"},"query-input":"required name=search_term_string"}],"inLanguage":"en-US"},{"@type":"Organization","@id":"https:\/\/digicode.fr\/#organization","name":"Digicode","url":"https:\/\/digicode.fr\/","logo":{"@type":"ImageObject","inLanguage":"en-US","@id":"https:\/\/digicode.fr\/#\/schema\/logo\/image\/","url":"https:\/\/digicode.fr\/wp-content\/uploads\/2023\/04\/CDVIDigicode.fr_.png","contentUrl":"https:\/\/digicode.fr\/wp-content\/uploads\/2023\/04\/CDVIDigicode.fr_.png","width":1200,"height":225,"caption":"Digicode"},"image":{"@id":"https:\/\/digicode.fr\/#\/schema\/logo\/image\/"}}]}},"_links":{"self":[{"href":"https:\/\/digicode.fr\/index.php\/wp-json\/wp\/v2\/pages\/451","targetHints":{"allow":["GET"]}}],"collection":[{"href":"https:\/\/digicode.fr\/index.php\/wp-json\/wp\/v2\/pages"}],"about":[{"href":"https:\/\/digicode.fr\/index.php\/wp-json\/wp\/v2\/types\/page"}],"author":[{"embeddable":true,"href":"https:\/\/digicode.fr\/index.php\/wp-json\/wp\/v2\/users\/1"}],"replies":[{"embeddable":true,"href":"https:\/\/digicode.fr\/index.php\/wp-json\/wp\/v2\/comments?post=451"}],"version-history":[{"count":8,"href":"https:\/\/digicode.fr\/index.php\/wp-json\/wp\/v2\/pages\/451\/revisions"}],"predecessor-version":[{"id":567,"href":"https:\/\/digicode.fr\/index.php\/wp-json\/wp\/v2\/pages\/451\/revisions\/567"}],"wp:featuredmedia":[{"embeddable":true,"href":"https:\/\/digicode.fr\/index.php\/wp-json\/wp\/v2\/media\/520"}],"wp:attachment":[{"href":"https:\/\/digicode.fr\/index.php\/wp-json\/wp\/v2\/media?parent=451"}],"curies":[{"name":"wp","href":"https:\/\/api.w.org\/{rel}","templated":true}]}}