{"id":76,"date":"2023-04-06T09:44:32","date_gmt":"2023-04-06T07:44:32","guid":{"rendered":"http:\/\/digicode.fr\/?page_id=76"},"modified":"2023-08-03T09:13:58","modified_gmt":"2023-08-03T07:13:58","slug":"les-digicodes","status":"publish","type":"page","link":"https:\/\/digicode.fr\/index.php\/les-digicodes\/","title":{"rendered":"Les Digicodes \u00e9lectronique d\u00e9port\u00e9e"},"content":{"rendered":"\t\t<div data-elementor-type=\"wp-page\" data-elementor-id=\"76\" class=\"elementor elementor-76\">\n\t\t\t\t\t\t<section class=\"elementor-section elementor-top-section elementor-element elementor-element-9107744 elementor-section-boxed elementor-section-height-default elementor-section-height-default\" data-id=\"9107744\" data-element_type=\"section\">\n\t\t\t\t\t\t<div class=\"elementor-container elementor-column-gap-default\">\n\t\t\t\t\t<div class=\"elementor-column elementor-col-100 elementor-top-column elementor-element elementor-element-edd167a\" data-id=\"edd167a\" data-element_type=\"column\">\n\t\t\t<div class=\"elementor-widget-wrap elementor-element-populated\">\n\t\t\t\t\t\t<div class=\"elementor-element elementor-element-dd9877a elementor-widget elementor-widget-text-editor\" data-id=\"dd9877a\" data-element_type=\"widget\" data-widget_type=\"text-editor.default\">\n\t\t\t\t<div class=\"elementor-widget-container\">\n\t\t\t<style>\/*! elementor - v3.22.0 - 26-06-2024 *\/\n.elementor-widget-text-editor.elementor-drop-cap-view-stacked .elementor-drop-cap{background-color:#69727d;color:#fff}.elementor-widget-text-editor.elementor-drop-cap-view-framed .elementor-drop-cap{color:#69727d;border:3px solid;background-color:transparent}.elementor-widget-text-editor:not(.elementor-drop-cap-view-default) .elementor-drop-cap{margin-top:8px}.elementor-widget-text-editor:not(.elementor-drop-cap-view-default) .elementor-drop-cap-letter{width:1em;height:1em}.elementor-widget-text-editor .elementor-drop-cap{float:left;text-align:center;line-height:1;font-size:50px}.elementor-widget-text-editor .elementor-drop-cap-letter{display:inline-block}<\/style>\t\t\t\t<p>Retrouvez tous nos Digicodes \u00e0 \u00e9lectronique d\u00e9port\u00e9e<\/p>\t\t\t\t\t\t<\/div>\n\t\t\t\t<\/div>\n\t\t\t\t\t<\/div>\n\t\t<\/div>\n\t\t\t\t\t<\/div>\n\t\t<\/section>\n\t\t\t\t<section class=\"elementor-section elementor-top-section elementor-element elementor-element-eff7df5 elementor-section-boxed elementor-section-height-default elementor-section-height-default\" data-id=\"eff7df5\" data-element_type=\"section\">\n\t\t\t\t\t\t<div class=\"elementor-container elementor-column-gap-default\">\n\t\t\t\t\t<div class=\"elementor-column elementor-col-100 elementor-top-column elementor-element elementor-element-ae7c05c\" data-id=\"ae7c05c\" data-element_type=\"column\">\n\t\t\t<div class=\"elementor-widget-wrap elementor-element-populated\">\n\t\t\t\t\t\t<div class=\"elementor-element elementor-element-9bb5649 elementor-widget elementor-widget-heading\" data-id=\"9bb5649\" data-element_type=\"widget\" data-widget_type=\"heading.default\">\n\t\t\t\t<div class=\"elementor-widget-container\">\n\t\t\t<style>\/*! elementor - v3.22.0 - 26-06-2024 *\/\n.elementor-heading-title{padding:0;margin:0;line-height:1}.elementor-widget-heading .elementor-heading-title[class*=elementor-size-]>a{color:inherit;font-size:inherit;line-height:inherit}.elementor-widget-heading .elementor-heading-title.elementor-size-small{font-size:15px}.elementor-widget-heading .elementor-heading-title.elementor-size-medium{font-size:19px}.elementor-widget-heading .elementor-heading-title.elementor-size-large{font-size:29px}.elementor-widget-heading .elementor-heading-title.elementor-size-xl{font-size:39px}.elementor-widget-heading .elementor-heading-title.elementor-size-xxl{font-size:59px}<\/style><h3 class=\"elementor-heading-title elementor-size-default\"><a href=\"http:\/\/digicode.fr\/index.php\/boxcode\/\">BOXCODE<\/a><\/h3>\t\t<\/div>\n\t\t\t\t<\/div>\n\t\t\t\t\t<\/div>\n\t\t<\/div>\n\t\t\t\t\t<\/div>\n\t\t<\/section>\n\t\t\t\t<section class=\"elementor-section elementor-top-section elementor-element elementor-element-1af6ace elementor-section-boxed elementor-section-height-default elementor-section-height-default\" data-id=\"1af6ace\" data-element_type=\"section\">\n\t\t\t\t\t\t<div class=\"elementor-container elementor-column-gap-default\">\n\t\t\t\t\t<div class=\"elementor-column elementor-col-100 elementor-top-column elementor-element elementor-element-10fb43f\" data-id=\"10fb43f\" data-element_type=\"column\">\n\t\t\t<div class=\"elementor-widget-wrap elementor-element-populated\">\n\t\t\t\t\t\t<div class=\"elementor-element elementor-element-de96b8e elementor-widget elementor-widget-heading\" data-id=\"de96b8e\" data-element_type=\"widget\" data-widget_type=\"heading.default\">\n\t\t\t\t<div class=\"elementor-widget-container\">\n\t\t\t<h3 class=\"elementor-heading-title elementor-size-default\"><a href=\"http:\/\/digicode.fr\/index.php\/galeobt\/\">GALEOBT<\/a><\/h3>\t\t<\/div>\n\t\t\t\t<\/div>\n\t\t\t\t\t<\/div>\n\t\t<\/div>\n\t\t\t\t\t<\/div>\n\t\t<\/section>\n\t\t\t\t<section class=\"elementor-section elementor-top-section elementor-element elementor-element-aa412b2 elementor-section-boxed elementor-section-height-default elementor-section-height-default\" data-id=\"aa412b2\" data-element_type=\"section\">\n\t\t\t\t\t\t<div class=\"elementor-container elementor-column-gap-default\">\n\t\t\t\t\t<div class=\"elementor-column elementor-col-100 elementor-top-column elementor-element elementor-element-ca77a4a\" data-id=\"ca77a4a\" data-element_type=\"column\">\n\t\t\t<div class=\"elementor-widget-wrap elementor-element-populated\">\n\t\t\t\t\t\t<div class=\"elementor-element elementor-element-560f5ac elementor-widget elementor-widget-heading\" data-id=\"560f5ac\" data-element_type=\"widget\" data-widget_type=\"heading.default\">\n\t\t\t\t<div class=\"elementor-widget-container\">\n\t\t\t<h3 class=\"elementor-heading-title elementor-size-default\"><a href=\"http:\/\/digicode.fr\/index.php\/galeor\/\">GALEOR<\/a><\/h3>\t\t<\/div>\n\t\t\t\t<\/div>\n\t\t\t\t\t<\/div>\n\t\t<\/div>\n\t\t\t\t\t<\/div>\n\t\t<\/section>\n\t\t\t\t<section class=\"elementor-section elementor-top-section elementor-element elementor-element-2c378f7 elementor-section-boxed elementor-section-height-default elementor-section-height-default\" data-id=\"2c378f7\" data-element_type=\"section\">\n\t\t\t\t\t\t<div class=\"elementor-container elementor-column-gap-default\">\n\t\t\t\t\t<div class=\"elementor-column elementor-col-100 elementor-top-column elementor-element elementor-element-0376b85\" data-id=\"0376b85\" data-element_type=\"column\">\n\t\t\t<div class=\"elementor-widget-wrap elementor-element-populated\">\n\t\t\t\t\t\t<div class=\"elementor-element elementor-element-1c2b3e7 elementor-widget elementor-widget-heading\" data-id=\"1c2b3e7\" data-element_type=\"widget\" data-widget_type=\"heading.default\">\n\t\t\t\t<div class=\"elementor-widget-container\">\n\t\t\t<h3 class=\"elementor-heading-title elementor-size-default\"><a href=\"http:\/\/digicode.fr\/index.php\/galeo2r\/\">GALEO2R<\/a><\/h3>\t\t<\/div>\n\t\t\t\t<\/div>\n\t\t\t\t\t<\/div>\n\t\t<\/div>\n\t\t\t\t\t<\/div>\n\t\t<\/section>\n\t\t\t\t<section class=\"elementor-section elementor-top-section elementor-element elementor-element-a09a172 elementor-section-boxed elementor-section-height-default elementor-section-height-default\" data-id=\"a09a172\" data-element_type=\"section\">\n\t\t\t\t\t\t<div class=\"elementor-container elementor-column-gap-default\">\n\t\t\t\t\t<div class=\"elementor-column elementor-col-100 elementor-top-column elementor-element elementor-element-0654322\" data-id=\"0654322\" data-element_type=\"column\">\n\t\t\t<div class=\"elementor-widget-wrap elementor-element-populated\">\n\t\t\t\t\t\t<div class=\"elementor-element elementor-element-b2aead9 elementor-widget elementor-widget-heading\" data-id=\"b2aead9\" data-element_type=\"widget\" data-widget_type=\"heading.default\">\n\t\t\t\t<div class=\"elementor-widget-container\">\n\t\t\t<h3 class=\"elementor-heading-title elementor-size-default\"><a href=\"http:\/\/digicode.fr\/index.php\/profil100ec\/\">PROFIL100EC<\/a><\/h3>\t\t<\/div>\n\t\t\t\t<\/div>\n\t\t\t\t\t<\/div>\n\t\t<\/div>\n\t\t\t\t\t<\/div>\n\t\t<\/section>\n\t\t\t\t<section class=\"elementor-section elementor-top-section elementor-element elementor-element-1f410d3 elementor-section-boxed elementor-section-height-default elementor-section-height-default\" data-id=\"1f410d3\" data-element_type=\"section\">\n\t\t\t\t\t\t<div class=\"elementor-container elementor-column-gap-default\">\n\t\t\t\t\t<div class=\"elementor-column elementor-col-100 elementor-top-column elementor-element elementor-element-3ee69c5\" data-id=\"3ee69c5\" data-element_type=\"column\">\n\t\t\t<div class=\"elementor-widget-wrap elementor-element-populated\">\n\t\t\t\t\t\t<div class=\"elementor-element elementor-element-c4e4f7b elementor-widget elementor-widget-heading\" data-id=\"c4e4f7b\" data-element_type=\"widget\" data-widget_type=\"heading.default\">\n\t\t\t\t<div class=\"elementor-widget-container\">\n\t\t\t<h3 class=\"elementor-heading-title elementor-size-default\"><a href=\"http:\/\/digicode.fr\/index.php\/solar2r\/\">SOLAR2R<\/a><\/h3>\t\t<\/div>\n\t\t\t\t<\/div>\n\t\t\t\t\t<\/div>\n\t\t<\/div>\n\t\t\t\t\t<\/div>\n\t\t<\/section>\n\t\t\t\t<section class=\"elementor-section elementor-top-section elementor-element elementor-element-078a78e elementor-section-boxed elementor-section-height-default elementor-section-height-default\" data-id=\"078a78e\" data-element_type=\"section\">\n\t\t\t\t\t\t<div class=\"elementor-container elementor-column-gap-default\">\n\t\t\t\t\t<div class=\"elementor-column elementor-col-100 elementor-top-column elementor-element elementor-element-9407b31\" data-id=\"9407b31\" data-element_type=\"column\">\n\t\t\t<div class=\"elementor-widget-wrap elementor-element-populated\">\n\t\t\t\t\t\t<div class=\"elementor-element elementor-element-082609c elementor-widget elementor-widget-heading\" data-id=\"082609c\" data-element_type=\"widget\" data-widget_type=\"heading.default\">\n\t\t\t\t<div class=\"elementor-widget-container\">\n\t\t\t<h3 class=\"elementor-heading-title elementor-size-default\"><a href=\"http:\/\/digicode.fr\/index.php\/tmgaleo\/\">TMGALEO<\/a><\/h3>\t\t<\/div>\n\t\t\t\t<\/div>\n\t\t\t\t\t<\/div>\n\t\t<\/div>\n\t\t\t\t\t<\/div>\n\t\t<\/section>\n\t\t\t\t<section class=\"elementor-section elementor-top-section elementor-element elementor-element-955dccc elementor-section-boxed elementor-section-height-default elementor-section-height-default\" data-id=\"955dccc\" data-element_type=\"section\">\n\t\t\t\t\t\t<div class=\"elementor-container elementor-column-gap-default\">\n\t\t\t\t\t<div class=\"elementor-column elementor-col-100 elementor-top-column elementor-element elementor-element-b351956\" data-id=\"b351956\" data-element_type=\"column\">\n\t\t\t<div class=\"elementor-widget-wrap elementor-element-populated\">\n\t\t\t\t\t\t<div class=\"elementor-element elementor-element-aa5d14c elementor-align-center elementor-widget elementor-widget-button\" data-id=\"aa5d14c\" data-element_type=\"widget\" data-widget_type=\"button.default\">\n\t\t\t\t<div class=\"elementor-widget-container\">\n\t\t\t\t\t<div class=\"elementor-button-wrapper\">\n\t\t\t<a class=\"elementor-button elementor-button-link elementor-size-xl elementor-animation-pulse-grow\" href=\"https:\/\/www.cdvi.fr\/fr\/produits\/categorie\/digicode\/\">\n\t\t\t\t\t\t<span class=\"elementor-button-content-wrapper\">\n\t\t\t\t\t\t\t\t\t<span class=\"elementor-button-text\">Retrouvez l'ensemble de la gamme Digicode\u00ae CDVI ici <\/span>\n\t\t\t\t\t<\/span>\n\t\t\t\t\t<\/a>\n\t\t<\/div>\n\t\t\t\t<\/div>\n\t\t\t\t<\/div>\n\t\t\t\t\t<\/div>\n\t\t<\/div>\n\t\t\t\t\t<\/div>\n\t\t<\/section>\n\t\t\t\t<\/div>\n\t\t","protected":false},"excerpt":{"rendered":"<p>Retrouvez tous nos Digicodes \u00e0 \u00e9lectronique d\u00e9port\u00e9e BOXCODE GALEOBT GALEOR GALEO2R PROFIL100EC SOLAR2R TMGALEO Retrouvez l&#8217;ensemble de la gamme Digicode\u00ae CDVI ici<\/p>\n","protected":false},"author":1,"featured_media":0,"parent":0,"menu_order":0,"comment_status":"closed","ping_status":"closed","template":"","meta":{"footnotes":""},"class_list":["post-76","page","type-page","status-publish","hentry","post"],"yoast_head":"<!-- This site is optimized with the Yoast SEO plugin v23.0 - https:\/\/yoast.com\/wordpress\/plugins\/seo\/ -->\n<title>Les Digicodes \u00e9lectronique d\u00e9port\u00e9e - Digicode<\/title>\n<meta name=\"description\" content=\"Retrouvez ici la gamme compl\u00e8te des Digicodes \u00e9lectronique d\u00e9port\u00e9e le GaleoBT, la Boxcode ou encore le PROFIL100EC\" \/>\n<meta name=\"robots\" content=\"index, follow, max-snippet:-1, max-image-preview:large, max-video-preview:-1\" \/>\n<link rel=\"canonical\" href=\"https:\/\/digicode.fr\/index.php\/les-digicodes\/\" \/>\n<meta property=\"og:locale\" content=\"en_US\" \/>\n<meta property=\"og:type\" content=\"article\" \/>\n<meta property=\"og:title\" content=\"Les Digicodes \u00e9lectronique d\u00e9port\u00e9e - Digicode\" \/>\n<meta property=\"og:description\" content=\"Retrouvez ici la gamme compl\u00e8te des Digicodes \u00e9lectronique d\u00e9port\u00e9e le GaleoBT, la Boxcode ou encore le PROFIL100EC\" \/>\n<meta property=\"og:url\" content=\"https:\/\/digicode.fr\/index.php\/les-digicodes\/\" \/>\n<meta property=\"og:site_name\" content=\"Digicode\" \/>\n<meta property=\"article:modified_time\" content=\"2023-08-03T07:13:58+00:00\" \/>\n<meta name=\"twitter:card\" content=\"summary_large_image\" \/>\n<meta name=\"twitter:label1\" content=\"Est. reading time\" \/>\n\t<meta name=\"twitter:data1\" content=\"1 minute\" \/>\n<script type=\"application\/ld+json\" class=\"yoast-schema-graph\">{\"@context\":\"https:\/\/schema.org\",\"@graph\":[{\"@type\":\"WebPage\",\"@id\":\"https:\/\/digicode.fr\/index.php\/les-digicodes\/\",\"url\":\"https:\/\/digicode.fr\/index.php\/les-digicodes\/\",\"name\":\"Les Digicodes \u00e9lectronique d\u00e9port\u00e9e - Digicode\",\"isPartOf\":{\"@id\":\"https:\/\/digicode.fr\/#website\"},\"datePublished\":\"2023-04-06T07:44:32+00:00\",\"dateModified\":\"2023-08-03T07:13:58+00:00\",\"description\":\"Retrouvez ici la gamme compl\u00e8te des Digicodes \u00e9lectronique d\u00e9port\u00e9e le GaleoBT, la Boxcode ou encore le PROFIL100EC\",\"breadcrumb\":{\"@id\":\"https:\/\/digicode.fr\/index.php\/les-digicodes\/#breadcrumb\"},\"inLanguage\":\"en-US\",\"potentialAction\":[{\"@type\":\"ReadAction\",\"target\":[\"https:\/\/digicode.fr\/index.php\/les-digicodes\/\"]}]},{\"@type\":\"BreadcrumbList\",\"@id\":\"https:\/\/digicode.fr\/index.php\/les-digicodes\/#breadcrumb\",\"itemListElement\":[{\"@type\":\"ListItem\",\"position\":1,\"name\":\"Digicode\",\"item\":\"https:\/\/digicode.fr\/\"},{\"@type\":\"ListItem\",\"position\":2,\"name\":\"Les Digicodes \u00e9lectronique d\u00e9port\u00e9e\"}]},{\"@type\":\"WebSite\",\"@id\":\"https:\/\/digicode.fr\/#website\",\"url\":\"https:\/\/digicode.fr\/\",\"name\":\"Digicode\",\"description\":\"Digicode une marque CDVI\",\"publisher\":{\"@id\":\"https:\/\/digicode.fr\/#organization\"},\"potentialAction\":[{\"@type\":\"SearchAction\",\"target\":{\"@type\":\"EntryPoint\",\"urlTemplate\":\"https:\/\/digicode.fr\/?s={search_term_string}\"},\"query-input\":\"required name=search_term_string\"}],\"inLanguage\":\"en-US\"},{\"@type\":\"Organization\",\"@id\":\"https:\/\/digicode.fr\/#organization\",\"name\":\"Digicode\",\"url\":\"https:\/\/digicode.fr\/\",\"logo\":{\"@type\":\"ImageObject\",\"inLanguage\":\"en-US\",\"@id\":\"https:\/\/digicode.fr\/#\/schema\/logo\/image\/\",\"url\":\"https:\/\/digicode.fr\/wp-content\/uploads\/2023\/04\/CDVIDigicode.fr_.png\",\"contentUrl\":\"https:\/\/digicode.fr\/wp-content\/uploads\/2023\/04\/CDVIDigicode.fr_.png\",\"width\":1200,\"height\":225,\"caption\":\"Digicode\"},\"image\":{\"@id\":\"https:\/\/digicode.fr\/#\/schema\/logo\/image\/\"}}]}<\/script>\n<!-- \/ Yoast SEO plugin. -->","yoast_head_json":{"title":"Les Digicodes \u00e9lectronique d\u00e9port\u00e9e - Digicode","description":"Retrouvez ici la gamme compl\u00e8te des Digicodes \u00e9lectronique d\u00e9port\u00e9e le GaleoBT, la Boxcode ou encore le PROFIL100EC","robots":{"index":"index","follow":"follow","max-snippet":"max-snippet:-1","max-image-preview":"max-image-preview:large","max-video-preview":"max-video-preview:-1"},"canonical":"https:\/\/digicode.fr\/index.php\/les-digicodes\/","og_locale":"en_US","og_type":"article","og_title":"Les Digicodes \u00e9lectronique d\u00e9port\u00e9e - Digicode","og_description":"Retrouvez ici la gamme compl\u00e8te des Digicodes \u00e9lectronique d\u00e9port\u00e9e le GaleoBT, la Boxcode ou encore le PROFIL100EC","og_url":"https:\/\/digicode.fr\/index.php\/les-digicodes\/","og_site_name":"Digicode","article_modified_time":"2023-08-03T07:13:58+00:00","twitter_card":"summary_large_image","twitter_misc":{"Est. reading time":"1 minute"},"schema":{"@context":"https:\/\/schema.org","@graph":[{"@type":"WebPage","@id":"https:\/\/digicode.fr\/index.php\/les-digicodes\/","url":"https:\/\/digicode.fr\/index.php\/les-digicodes\/","name":"Les Digicodes \u00e9lectronique d\u00e9port\u00e9e - Digicode","isPartOf":{"@id":"https:\/\/digicode.fr\/#website"},"datePublished":"2023-04-06T07:44:32+00:00","dateModified":"2023-08-03T07:13:58+00:00","description":"Retrouvez ici la gamme compl\u00e8te des Digicodes \u00e9lectronique d\u00e9port\u00e9e le GaleoBT, la Boxcode ou encore le PROFIL100EC","breadcrumb":{"@id":"https:\/\/digicode.fr\/index.php\/les-digicodes\/#breadcrumb"},"inLanguage":"en-US","potentialAction":[{"@type":"ReadAction","target":["https:\/\/digicode.fr\/index.php\/les-digicodes\/"]}]},{"@type":"BreadcrumbList","@id":"https:\/\/digicode.fr\/index.php\/les-digicodes\/#breadcrumb","itemListElement":[{"@type":"ListItem","position":1,"name":"Digicode","item":"https:\/\/digicode.fr\/"},{"@type":"ListItem","position":2,"name":"Les Digicodes \u00e9lectronique d\u00e9port\u00e9e"}]},{"@type":"WebSite","@id":"https:\/\/digicode.fr\/#website","url":"https:\/\/digicode.fr\/","name":"Digicode","description":"Digicode une marque CDVI","publisher":{"@id":"https:\/\/digicode.fr\/#organization"},"potentialAction":[{"@type":"SearchAction","target":{"@type":"EntryPoint","urlTemplate":"https:\/\/digicode.fr\/?s={search_term_string}"},"query-input":"required name=search_term_string"}],"inLanguage":"en-US"},{"@type":"Organization","@id":"https:\/\/digicode.fr\/#organization","name":"Digicode","url":"https:\/\/digicode.fr\/","logo":{"@type":"ImageObject","inLanguage":"en-US","@id":"https:\/\/digicode.fr\/#\/schema\/logo\/image\/","url":"https:\/\/digicode.fr\/wp-content\/uploads\/2023\/04\/CDVIDigicode.fr_.png","contentUrl":"https:\/\/digicode.fr\/wp-content\/uploads\/2023\/04\/CDVIDigicode.fr_.png","width":1200,"height":225,"caption":"Digicode"},"image":{"@id":"https:\/\/digicode.fr\/#\/schema\/logo\/image\/"}}]}},"_links":{"self":[{"href":"https:\/\/digicode.fr\/index.php\/wp-json\/wp\/v2\/pages\/76","targetHints":{"allow":["GET"]}}],"collection":[{"href":"https:\/\/digicode.fr\/index.php\/wp-json\/wp\/v2\/pages"}],"about":[{"href":"https:\/\/digicode.fr\/index.php\/wp-json\/wp\/v2\/types\/page"}],"author":[{"embeddable":true,"href":"https:\/\/digicode.fr\/index.php\/wp-json\/wp\/v2\/users\/1"}],"replies":[{"embeddable":true,"href":"https:\/\/digicode.fr\/index.php\/wp-json\/wp\/v2\/comments?post=76"}],"version-history":[{"count":27,"href":"https:\/\/digicode.fr\/index.php\/wp-json\/wp\/v2\/pages\/76\/revisions"}],"predecessor-version":[{"id":753,"href":"https:\/\/digicode.fr\/index.php\/wp-json\/wp\/v2\/pages\/76\/revisions\/753"}],"wp:attachment":[{"href":"https:\/\/digicode.fr\/index.php\/wp-json\/wp\/v2\/media?parent=76"}],"curies":[{"name":"wp","href":"https:\/\/api.w.org\/{rel}","templated":true}]}}